{"id":939,"date":"2022-04-28T19:48:10","date_gmt":"2022-04-28T17:48:10","guid":{"rendered":"https:\/\/zestebrno.cz\/?page_id=939"},"modified":"2024-04-27T14:38:15","modified_gmt":"2024-04-27T12:38:15","slug":"detailni-harmonogramy-2-kola","status":"publish","type":"page","link":"https:\/\/zestebrno.cz\/?page_id=939","title":{"rendered":"Detailn\u00ed harmonogramy 2. kola"},"content":{"rendered":"\n<p><a href=\"https:\/\/zestebrno.cz\/b\/b_tisk_kolo_web.php?obor=1&amp;kolo=2&amp;kategorie=1\" data-type=\"URL\" data-id=\"https:\/\/zestebrno.cz\/b\/b_tisk_kolo_web.php?obor=1&amp;kolo=2&amp;kategorie=1\" target=\"_blank\" rel=\"noreferrer noopener\">lesn\u00ed roh &#8211; kategorie I<\/a><\/p>\n\n\n\n<p><a href=\"https:\/\/zestebrno.cz\/b\/b_tisk_kolo_web.php?obor=1&amp;kolo=2&amp;kategorie=2&amp;pokracovani=0\" data-type=\"URL\" data-id=\"https:\/\/zestebrno.cz\/b\/b_tisk_kolo_web.php?obor=1&amp;kolo=2&amp;kategorie=2&amp;pokracovani=0\" target=\"_blank\" rel=\"noreferrer noopener\">lesn\u00ed roh &#8211; kategorie II<\/a><\/p>\n\n\n\n<p><a href=\"https:\/\/zestebrno.cz\/b\/b_tisk_kolo_web.php?obor=1&amp;kolo=2&amp;kategorie=3\" data-type=\"URL\" data-id=\"https:\/\/zestebrno.cz\/b\/b_tisk_kolo_web.php?obor=1&amp;kolo=2&amp;kategorie=3\" target=\"_blank\" rel=\"noreferrer noopener\">lesn\u00ed roh &#8211; kategorie III<\/a><\/p>\n\n\n\n<p><a href=\"https:\/\/zestebrno.cz\/b\/b_tisk_kolo_web.php?obor=1&amp;kolo=2&amp;kategorie=4\" data-type=\"URL\" data-id=\"https:\/\/zestebrno.cz\/b\/b_tisk_kolo_web.php?obor=1&amp;kolo=2&amp;kategorie=4\" target=\"_blank\" rel=\"noreferrer noopener\">lesn\u00ed roh &#8211; kategorie IV<\/a><\/p>\n\n\n\n<p><a href=\"https:\/\/zestebrno.cz\/b\/b_tisk_kolo_web.php?obor=2&amp;kolo=2&amp;kategorie=1\" data-type=\"URL\" data-id=\"https:\/\/zestebrno.cz\/b\/b_tisk_kolo_web.php?obor=2&amp;kolo=2&amp;kategorie=1\" target=\"_blank\" rel=\"noreferrer noopener\">trubka &#8211; kategorie I<\/a><\/p>\n\n\n\n<p><a href=\"https:\/\/zestebrno.cz\/b\/b_tisk_kolo_web.php?obor=2&amp;kolo=2&amp;kategorie=2&amp;pokracovani=0\" data-type=\"URL\" data-id=\"https:\/\/zestebrno.cz\/b\/b_tisk_kolo_web.php?obor=2&amp;kolo=2&amp;kategorie=2&amp;pokracovani=0\" target=\"_blank\" rel=\"noreferrer noopener\">trubka &#8211; kategorie II<\/a><\/p>\n\n\n\n<p><a href=\"https:\/\/zestebrno.cz\/b\/b_tisk_kolo_web.php?obor=2&amp;kolo=2&amp;kategorie=3&amp;pokracovani=0\" data-type=\"URL\" data-id=\"https:\/\/zestebrno.cz\/b\/b_tisk_kolo_web.php?obor=2&amp;kolo=2&amp;kategorie=3&amp;pokracovani=0\" target=\"_blank\" rel=\"noreferrer noopener\">trubka &#8211; kategorie III<\/a><\/p>\n\n\n\n<p><a href=\"https:\/\/zestebrno.cz\/b\/b_tisk_kolo_web.php?obor=2&amp;kolo=2&amp;kategorie=4&amp;pokracovani=0\" data-type=\"URL\" data-id=\"https:\/\/zestebrno.cz\/b\/b_tisk_kolo_web.php?obor=2&amp;kolo=2&amp;kategorie=4&amp;pokracovani=0\" target=\"_blank\" rel=\"noreferrer noopener\">trubka &#8211; kategorie IV<\/a><\/p>\n\n\n\n<p><a href=\"https:\/\/zestebrno.cz\/b\/b_tisk_kolo_web.php?obor=3&amp;kolo=2&amp;kategorie=1&amp;pokracovani=0\" data-type=\"URL\" data-id=\"https:\/\/zestebrno.cz\/b\/b_tisk_kolo_web.php?obor=3&amp;kolo=2&amp;kategorie=1&amp;pokracovani=0\" target=\"_blank\" rel=\"noreferrer noopener\">trombon &#8211; kategorie I<\/a><\/p>\n\n\n\n<p><a href=\"https:\/\/zestebrno.cz\/b\/b_tisk_kolo_web.php?obor=3&amp;kolo=2&amp;kategorie=2&amp;pokracovani=0\" data-type=\"URL\" data-id=\"https:\/\/zestebrno.cz\/b\/b_tisk_kolo_web.php?obor=3&amp;kolo=2&amp;kategorie=2&amp;pokracovani=0\" target=\"_blank\" rel=\"noreferrer noopener\">trombon &#8211; kategorie II<\/a><\/p>\n\n\n\n<p><a href=\"https:\/\/zestebrno.cz\/b\/b_tisk_kolo_web.php?obor=3&amp;kolo=2&amp;kategorie=3&amp;pokracovani=0\" data-type=\"URL\" data-id=\"https:\/\/zestebrno.cz\/b\/b_tisk_kolo_web.php?obor=3&amp;kolo=2&amp;kategorie=3&amp;pokracovani=0\" target=\"_blank\" rel=\"noreferrer noopener\">trombon &#8211; kategorie III<\/a><\/p>\n\n\n\n<p><a href=\"https:\/\/zestebrno.cz\/b\/b_tisk_kolo_web.php?obor=3&amp;kolo=2&amp;kategorie=4&amp;pokracovani=0\" data-type=\"URL\" data-id=\"https:\/\/zestebrno.cz\/b\/b_tisk_kolo_web.php?obor=3&amp;kolo=2&amp;kategorie=4&amp;pokracovani=0\" target=\"_blank\" rel=\"noreferrer noopener\">trombon &#8211; kategorie IV<\/a><\/p>\n\n\n\n<p><a href=\"https:\/\/zestebrno.cz\/b\/b_tisk_kolo_web.php?obor=4&amp;kolo=2&amp;kategorie=1&amp;pokracovani=0\" data-type=\"URL\" data-id=\"https:\/\/zestebrno.cz\/b\/b_tisk_kolo_web.php?obor=4&amp;kolo=2&amp;kategorie=1&amp;pokracovani=0\" target=\"_blank\" rel=\"noreferrer noopener\">tuba &#8211; kategorie I<\/a><\/p>\n\n\n\n<p><a href=\"https:\/\/zestebrno.cz\/b\/b_tisk_kolo_web.php?obor=4&amp;kolo=2&amp;kategorie=2&amp;pokracovani=0\" data-type=\"URL\" data-id=\"https:\/\/zestebrno.cz\/b\/b_tisk_kolo_web.php?obor=4&amp;kolo=2&amp;kategorie=2&amp;pokracovani=0\" target=\"_blank\" rel=\"noreferrer noopener\">tuba &#8211; kategorie II<\/a><\/p>\n\n\n\n<p><a href=\"https:\/\/zestebrno.cz\/b\/b_tisk_kolo_web.php?obor=4&amp;kolo=2&amp;kategorie=3&amp;pokracovani=0\" data-type=\"URL\" data-id=\"https:\/\/zestebrno.cz\/b\/b_tisk_kolo_web.php?obor=4&amp;kolo=2&amp;kategorie=3&amp;pokracovani=0\" target=\"_blank\" rel=\"noreferrer noopener\">tuba &#8211; kategorie III<\/a><\/p>\n\n\n\n<p><a href=\"https:\/\/zestebrno.cz\/b\/b_tisk_kolo_web.php?obor=4&amp;kolo=2&amp;kategorie=4&amp;pokracovani=0\" data-type=\"URL\" data-id=\"https:\/\/zestebrno.cz\/b\/b_tisk_kolo_web.php?obor=4&amp;kolo=2&amp;kategorie=4&amp;pokracovani=0\" target=\"_blank\" rel=\"noreferrer noopener\">tuba &#8211; kategorie IV<\/a><\/p>\n\n\n\n<p><a href=\"https:\/\/zestebrno.cz\/b\/b_tisk_kolo_web.php?obor=5&amp;kolo=2&amp;kategorie=1&amp;pokracovani=0\" data-type=\"URL\" data-id=\"https:\/\/zestebrno.cz\/b\/b_tisk_kolo_web.php?obor=5&amp;kolo=2&amp;kategorie=1&amp;pokracovani=0\" target=\"_blank\" rel=\"noreferrer noopener\">fagot &#8211; kategorie I<\/a><\/p>\n\n\n\n<p><a href=\"https:\/\/zestebrno.cz\/b\/b_tisk_kolo_web.php?obor=5&amp;kolo=2&amp;kategorie=2&amp;pokracovani=0\" data-type=\"URL\" data-id=\"https:\/\/zestebrno.cz\/b\/b_tisk_kolo_web.php?obor=5&amp;kolo=2&amp;kategorie=2&amp;pokracovani=0\" target=\"_blank\" rel=\"noreferrer noopener\">fagot &#8211; kategorie II<\/a><\/p>\n\n\n\n<p><a href=\"https:\/\/zestebrno.cz\/b\/b_tisk_kolo_web.php?obor=5&amp;kolo=2&amp;kategorie=3&amp;pokracovani=0\" data-type=\"URL\" data-id=\"https:\/\/zestebrno.cz\/b\/b_tisk_kolo_web.php?obor=5&amp;kolo=2&amp;kategorie=3&amp;pokracovani=0\" target=\"_blank\" rel=\"noreferrer noopener\">fagot &#8211; kategorie III<\/a><\/p>\n\n\n\n<p><a href=\"https:\/\/zestebrno.cz\/b\/b_tisk_kolo_web.php?obor=5&amp;kolo=2&amp;kategorie=4&amp;pokracovani=0\" data-type=\"URL\" data-id=\"https:\/\/zestebrno.cz\/b\/b_tisk_kolo_web.php?obor=5&amp;kolo=2&amp;kategorie=4&amp;pokracovani=0\" target=\"_blank\" rel=\"noreferrer noopener\">fagot &#8211; kategorie IV<\/a><\/p>\n","protected":false},"excerpt":{"rendered":"<p>lesn\u00ed roh &#8211; kategorie I lesn\u00ed roh &#8211; kategorie II lesn\u00ed roh &#8211; kategorie III lesn\u00ed roh &#8211; kategorie IV trubka &#8211; kategorie I trubka &#8211; kategorie II trubka &#8211; kategorie III trubka &#8211; kategorie IV trombon &#8211; kategorie I trombon &#8211; kategorie II trombon &#8211; kategorie III trombon &#8211; kategorie IV tuba &#8211; kategorie [&hellip;]<\/p>\n","protected":false},"author":1,"featured_media":0,"parent":0,"menu_order":0,"comment_status":"closed","ping_status":"closed","template":"","meta":{"footnotes":""},"class_list":["post-939","page","type-page","status-publish","hentry"],"_links":{"self":[{"href":"https:\/\/zestebrno.cz\/index.php?rest_route=\/wp\/v2\/pages\/939","targetHints":{"allow":["GET"]}}],"collection":[{"href":"https:\/\/zestebrno.cz\/index.php?rest_route=\/wp\/v2\/pages"}],"about":[{"href":"https:\/\/zestebrno.cz\/index.php?rest_route=\/wp\/v2\/types\/page"}],"author":[{"embeddable":true,"href":"https:\/\/zestebrno.cz\/index.php?rest_route=\/wp\/v2\/users\/1"}],"replies":[{"embeddable":true,"href":"https:\/\/zestebrno.cz\/index.php?rest_route=%2Fwp%2Fv2%2Fcomments&post=939"}],"version-history":[{"count":5,"href":"https:\/\/zestebrno.cz\/index.php?rest_route=\/wp\/v2\/pages\/939\/revisions"}],"predecessor-version":[{"id":1452,"href":"https:\/\/zestebrno.cz\/index.php?rest_route=\/wp\/v2\/pages\/939\/revisions\/1452"}],"wp:attachment":[{"href":"https:\/\/zestebrno.cz\/index.php?rest_route=%2Fwp%2Fv2%2Fmedia&parent=939"}],"curies":[{"name":"wp","href":"https:\/\/api.w.org\/{rel}","templated":true}]}}