{"id":859,"date":"2022-04-19T17:18:24","date_gmt":"2022-04-19T15:18:24","guid":{"rendered":"https:\/\/zestebrno.cz\/?page_id=859"},"modified":"2026-04-19T10:56:43","modified_gmt":"2026-04-19T08:56:43","slug":"harmonogramy-1-kola","status":"publish","type":"page","link":"https:\/\/zestebrno.cz\/?page_id=859","title":{"rendered":"Detailn\u00ed harmonogramy 1. kola"},"content":{"rendered":"\n\n\n<p>\u00da\u010dastn\u00edci sout\u011b\u017e\u00ed v abecedn\u00edm po\u0159ad\u00ed (podle \u010desk\u00e9 abecedy) dle p\u0159\u00edjmen\u00ed, jm\u00e9na  s v\u00fdhradou nezbytn\u00fdch zm\u011bn oproti abecedn\u00edmu po\u0159ad\u00ed kv\u016fli koliz\u00edm korepetitor\u016f.<\/p>\n\n\n\n<p><a href=\"https:\/\/zestebrno.cz\/b\/b_tisk_kolo_web.php?obor=1&amp;kolo=1&amp;kategorie=1&amp;pokracovani=0\" data-type=\"URL\" data-id=\"https:\/\/zestebrno.cz\/b\/b_tisk_kolo_web.php?obor=1&amp;kolo=1&amp;kategorie=1&amp;pokracovani=0\" target=\"_blank\" rel=\"noreferrer noopener\">lesn\u00ed roh &#8211; kategorie I<\/a><\/p>\n\n\n\n<p><a href=\"https:\/\/zestebrno.cz\/b\/b_tisk_kolo_web.php?obor=1&amp;kolo=1&amp;kategorie=2&amp;pokracovani=0\" data-type=\"URL\" data-id=\"https:\/\/zestebrno.cz\/b\/b_tisk_kolo_web.php?obor=1&amp;kolo=1&amp;kategorie=2&amp;pokracovani=0\" target=\"_blank\" rel=\"noreferrer noopener\">lesn\u00ed roh &#8211; kategorie II<\/a><\/p>\n\n\n\n<p><a href=\"https:\/\/zestebrno.cz\/b\/b_tisk_kolo_web.php?obor=1&amp;kolo=1&amp;kategorie=3\" data-type=\"link\" data-id=\"https:\/\/zestebrno.cz\/b\/b_tisk_kolo_web.php?obor=1&amp;kolo=1&amp;kategorie=3\" target=\"_blank\" rel=\"noreferrer noopener\">lesn\u00ed roh &#8211; kategorie III<\/a><\/p>\n\n\n\n<p><a href=\"https:\/\/zestebrno.cz\/b\/b_tisk_kolo_web.php?obor=1&amp;kolo=1&amp;kategorie=4&amp;pokracovani=0\" data-type=\"URL\" data-id=\"https:\/\/zestebrno.cz\/b\/b_tisk_kolo_web.php?obor=1&amp;kolo=1&amp;kategorie=4&amp;pokracovani=0\" target=\"_blank\" rel=\"noreferrer noopener\">lesn\u00ed roh &#8211; kategorie IV<\/a><\/p>\n\n\n\n<p><a href=\"https:\/\/zestebrno.cz\/b\/b_tisk_kolo_web.php?obor=2&amp;kolo=1&amp;kategorie=1&amp;pokracovani=0\" data-type=\"URL\" data-id=\"https:\/\/zestebrno.cz\/b\/b_tisk_kolo_web.php?obor=2&amp;kolo=1&amp;kategorie=1&amp;pokracovani=0\" target=\"_blank\" rel=\"noreferrer noopener\">trubka &#8211; kategorie I<\/a><\/p>\n\n\n\n<p><a href=\"https:\/\/zestebrno.cz\/b\/b_tisk_kolo_web.php?obor=2&amp;kolo=1&amp;kategorie=2&amp;pokracovani=0\" data-type=\"URL\" data-id=\"https:\/\/zestebrno.cz\/b\/b_tisk_kolo_web.php?obor=2&amp;kolo=1&amp;kategorie=2&amp;pokracovani=0\" target=\"_blank\" rel=\"noreferrer noopener\">trubka &#8211; kategorie II<\/a><\/p>\n\n\n\n<p><a href=\"https:\/\/zestebrno.cz\/b\/b_tisk_kolo_web.php?obor=2&amp;kolo=1&amp;kategorie=3\" data-type=\"link\" data-id=\"https:\/\/zestebrno.cz\/b\/b_tisk_kolo_web.php?obor=2&amp;kolo=1&amp;kategorie=3\" target=\"_blank\" rel=\"noreferrer noopener\">trubka &#8211; kategorie III<\/a><\/p>\n\n\n\n<p><a href=\"https:\/\/zestebrno.cz\/b\/b_tisk_kolo_web.php?obor=2&amp;kolo=1&amp;kategorie=4&amp;pokracovani=0\" data-type=\"URL\" data-id=\"https:\/\/zestebrno.cz\/b\/b_tisk_kolo_web.php?obor=2&amp;kolo=1&amp;kategorie=4&amp;pokracovani=0\" target=\"_blank\" rel=\"noreferrer noopener\">trubka &#8211; kategorie IV<\/a><\/p>\n\n\n\n<p><a href=\"https:\/\/zestebrno.cz\/b\/b_tisk_kolo_web.php?obor=3&amp;kolo=1&amp;kategorie=1&amp;pokracovani=0\" data-type=\"URL\" data-id=\"https:\/\/zestebrno.cz\/b\/b_tisk_kolo_web.php?obor=3&amp;kolo=1&amp;kategorie=1&amp;pokracovani=0\" target=\"_blank\" rel=\"noreferrer noopener\">trombon &#8211; kategorie I<\/a><\/p>\n\n\n\n<p><a href=\"https:\/\/zestebrno.cz\/b\/b_tisk_kolo_web.php?obor=3&amp;kolo=1&amp;kategorie=2&amp;pokracovani=0\" data-type=\"URL\" data-id=\"https:\/\/zestebrno.cz\/b\/b_tisk_kolo_web.php?obor=3&amp;kolo=1&amp;kategorie=2&amp;pokracovani=0\" target=\"_blank\" rel=\"noreferrer noopener\">trombon &#8211; kategorie II<\/a><\/p>\n\n\n\n<p><a href=\"https:\/\/zestebrno.cz\/b\/b_tisk_kolo_web.php?obor=3&amp;kolo=1&amp;kategorie=3&amp;pokracovani=0\" data-type=\"URL\" data-id=\"https:\/\/zestebrno.cz\/b\/b_tisk_kolo_web.php?obor=3&amp;kolo=1&amp;kategorie=3&amp;pokracovani=0\" target=\"_blank\" rel=\"noreferrer noopener\">trombon &#8211; kategorie III<\/a><\/p>\n\n\n\n<p><a href=\"https:\/\/zestebrno.cz\/b\/b_tisk_kolo_web.php?obor=3&amp;kolo=1&amp;kategorie=4&amp;pokracovani=0\" data-type=\"URL\" data-id=\"https:\/\/zestebrno.cz\/b\/b_tisk_kolo_web.php?obor=3&amp;kolo=1&amp;kategorie=4&amp;pokracovani=0\" target=\"_blank\" rel=\"noreferrer noopener\">trombon &#8211; kategorie IV<\/a><\/p>\n\n\n\n<p><a href=\"https:\/\/zestebrno.cz\/b\/b_tisk_kolo_web.php?obor=4&amp;kolo=1&amp;kategorie=1&amp;pokracovani=0\" data-type=\"URL\" data-id=\"https:\/\/zestebrno.cz\/b\/b_tisk_kolo_web.php?obor=4&amp;kolo=1&amp;kategorie=1&amp;pokracovani=0\" target=\"_blank\" rel=\"noreferrer noopener\">tuba &#8211; kategorie I<\/a><\/p>\n\n\n\n<p><a href=\"https:\/\/zestebrno.cz\/b\/b_tisk_kolo_web.php?obor=4&amp;kolo=1&amp;kategorie=2&amp;pokracovani=0\" data-type=\"URL\" data-id=\"https:\/\/zestebrno.cz\/b\/b_tisk_kolo_web.php?obor=4&amp;kolo=1&amp;kategorie=2&amp;pokracovani=0\" target=\"_blank\" rel=\"noreferrer noopener\">tuba &#8211; kategorie II<\/a><\/p>\n\n\n\n<p><a href=\"https:\/\/zestebrno.cz\/b\/b_tisk_kolo_web.php?obor=4&amp;kolo=1&amp;kategorie=3&amp;pokracovani=0\" data-type=\"URL\" data-id=\"https:\/\/zestebrno.cz\/b\/b_tisk_kolo_web.php?obor=4&amp;kolo=1&amp;kategorie=3&amp;pokracovani=0\" target=\"_blank\" rel=\"noreferrer noopener\">tuba &#8211; kategorie III<\/a><\/p>\n\n\n\n<p><a href=\"https:\/\/zestebrno.cz\/b\/b_tisk_kolo_web.php?obor=4&amp;kolo=1&amp;kategorie=4&amp;pokracovani=0\" data-type=\"URL\" data-id=\"https:\/\/zestebrno.cz\/b\/b_tisk_kolo_web.php?obor=4&amp;kolo=1&amp;kategorie=4&amp;pokracovani=0\" target=\"_blank\" rel=\"noreferrer noopener\">tuba &#8211; kategorie IV<\/a><\/p>\n\n\n\n<p><a href=\"https:\/\/zestebrno.cz\/b\/b_tisk_kolo_web.php?obor=5&amp;kolo=1&amp;kategorie=1&amp;pokracovani=0\" data-type=\"URL\" data-id=\"https:\/\/zestebrno.cz\/b\/b_tisk_kolo_web.php?obor=5&amp;kolo=1&amp;kategorie=1&amp;pokracovani=0\" target=\"_blank\" rel=\"noreferrer noopener\">fagot &#8211; kategorie I<\/a><\/p>\n\n\n\n<p><a href=\"https:\/\/zestebrno.cz\/b\/b_tisk_kolo_web.php?obor=5&amp;kolo=1&amp;kategorie=2&amp;pokracovani=0\" data-type=\"URL\" data-id=\"https:\/\/zestebrno.cz\/b\/b_tisk_kolo_web.php?obor=5&amp;kolo=1&amp;kategorie=2&amp;pokracovani=0\" target=\"_blank\" rel=\"noreferrer noopener\">fagot &#8211; kategorie II<\/a><\/p>\n\n\n\n<p><a href=\"https:\/\/zestebrno.cz\/b\/b_tisk_kolo_web.php?obor=5&amp;kolo=1&amp;kategorie=3&amp;pokracovani=0\" data-type=\"URL\" data-id=\"https:\/\/zestebrno.cz\/b\/b_tisk_kolo_web.php?obor=5&amp;kolo=1&amp;kategorie=3&amp;pokracovani=0\" target=\"_blank\" rel=\"noreferrer noopener\">fagot &#8211; kategorie III<\/a><\/p>\n\n\n\n<p><a href=\"https:\/\/zestebrno.cz\/b\/b_tisk_kolo_web.php?obor=5&amp;kolo=1&amp;kategorie=4&amp;pokracovani=0\" data-type=\"URL\" data-id=\"https:\/\/zestebrno.cz\/b\/b_tisk_kolo_web.php?obor=5&amp;kolo=1&amp;kategorie=4&amp;pokracovani=0\" target=\"_blank\" rel=\"noreferrer noopener\">fagot &#8211; kategorie IV<\/a><\/p>\n","protected":false},"excerpt":{"rendered":"<p>\u00da\u010dastn\u00edci sout\u011b\u017e\u00ed v abecedn\u00edm po\u0159ad\u00ed (podle \u010desk\u00e9 abecedy) dle p\u0159\u00edjmen\u00ed, jm\u00e9na s v\u00fdhradou nezbytn\u00fdch zm\u011bn oproti abecedn\u00edmu po\u0159ad\u00ed kv\u016fli koliz\u00edm korepetitor\u016f. lesn\u00ed roh &#8211; kategorie I lesn\u00ed roh &#8211; kategorie II lesn\u00ed roh &#8211; kategorie III lesn\u00ed roh &#8211; kategorie IV trubka &#8211; kategorie I trubka &#8211; kategorie II trubka &#8211; kategorie III trubka &#8211; [&hellip;]<\/p>\n","protected":false},"author":1,"featured_media":0,"parent":0,"menu_order":0,"comment_status":"closed","ping_status":"closed","template":"","meta":{"footnotes":""},"class_list":["post-859","page","type-page","status-publish","hentry"],"_links":{"self":[{"href":"https:\/\/zestebrno.cz\/index.php?rest_route=\/wp\/v2\/pages\/859","targetHints":{"allow":["GET"]}}],"collection":[{"href":"https:\/\/zestebrno.cz\/index.php?rest_route=\/wp\/v2\/pages"}],"about":[{"href":"https:\/\/zestebrno.cz\/index.php?rest_route=\/wp\/v2\/types\/page"}],"author":[{"embeddable":true,"href":"https:\/\/zestebrno.cz\/index.php?rest_route=\/wp\/v2\/users\/1"}],"replies":[{"embeddable":true,"href":"https:\/\/zestebrno.cz\/index.php?rest_route=%2Fwp%2Fv2%2Fcomments&post=859"}],"version-history":[{"count":16,"href":"https:\/\/zestebrno.cz\/index.php?rest_route=\/wp\/v2\/pages\/859\/revisions"}],"predecessor-version":[{"id":1929,"href":"https:\/\/zestebrno.cz\/index.php?rest_route=\/wp\/v2\/pages\/859\/revisions\/1929"}],"wp:attachment":[{"href":"https:\/\/zestebrno.cz\/index.php?rest_route=%2Fwp%2Fv2%2Fmedia&parent=859"}],"curies":[{"name":"wp","href":"https:\/\/api.w.org\/{rel}","templated":true}]}}