{"id":821,"date":"2022-04-12T15:05:17","date_gmt":"2022-04-12T13:05:17","guid":{"rendered":"https:\/\/zestebrno.cz\/?page_id=821"},"modified":"2026-04-21T08:19:00","modified_gmt":"2026-04-21T06:19:00","slug":"poroty-kategorie-i-ii-iii-a-iv","status":"publish","type":"page","link":"https:\/\/zestebrno.cz\/?page_id=821","title":{"rendered":"Poroty kategorie I, II, III a IV"},"content":{"rendered":"\n<div class=\"wp-block-columns is-layout-flex wp-container-core-columns-is-layout-9d6595d7 wp-block-columns-is-layout-flex\">\n<div class=\"wp-block-column is-layout-flow wp-block-column-is-layout-flow\" style=\"flex-basis:100%\">\n<div class=\"wp-block-columns is-layout-flex wp-container-core-columns-is-layout-9d6595d7 wp-block-columns-is-layout-flex\">\n<div class=\"wp-block-column is-layout-flow wp-block-column-is-layout-flow\">\n<p><\/p>\n\n\n\n<h2 class=\"wp-block-heading\">lesn\u00ed roh<\/h2>\n\n\n\n<p>Jarom\u00edr \u010c\u00ed\u017eek (CZ)<br>Petr Hernych (CZ)<br>Jind\u0159ich Kol\u00e1\u0159 (CZ)<br>Jind\u0159ich Petr\u00e1\u0161 (CZ)<br>Zuzana Rzounkov\u00e1 (SK)<br>Tadeusz Tomaszewski (PL)<br>Varga Zolt\u00e1n (HU)<br>Jan Vobo\u0159il (CZ)<br><\/p>\n\n\n\n<h2 class=\"wp-block-heading\">tuba<\/h2>\n\n\n\n<p>Adamik G\u00e1bor (HU)<br>Metod\u011bj Dvo\u0159\u00e1k (CZ)<br>Marek Filla (CZ)<br>Karel Malim\u00e1nek (CZ)<br>Nikolaj Kani\u0161\u00e1k (SK)<br>Ji\u0159\u00ed Kr\u00e1l (CZ)<br>Jakub Urbanczyk (PL)<br><\/p>\n<\/div>\n\n\n\n<div class=\"wp-block-column is-layout-flow wp-block-column-is-layout-flow\">\n<p><\/p>\n\n\n\n<h2 class=\"wp-block-heading\">trubka<\/h2>\n\n\n\n<p>Juraj Barto\u0161 (SK)<br>Walter Hofbauer (CZ)<br>Kis Andr\u00e1s<em><strong>&nbsp;<\/strong><\/em>(HU)<br>Franti\u0161ek K\u0159\u00ed\u017e (CZ)<br>Wac\u0142aw&nbsp;Mulak (PL)<br>Vojt\u011bch Novotn\u00fd (CZ)<br>Rastislav Suchan (SK)<br>Ji\u0159\u00ed Tesa\u0159\u00edk (CZ)<br><\/p>\n\n\n\n<h2 class=\"wp-block-heading\">fagot<\/h2>\n\n\n\n<p>Peter Kajan (SK)<br>Artur Kasperek (PL)<br>Luk\u00e1\u0161 Ko\u0159\u00ednek (CZ)<br>Jaroslav Kubita (CZ)<br>Szalai Edina (HU)<br>\u0160t\u011bp\u00e1n Turnovsk\u00fd (CZ)<br>V\u00e1clav Von\u00e1\u0161ek (CZ)<\/p>\n<\/div>\n\n\n\n<div class=\"wp-block-column is-layout-flow wp-block-column-is-layout-flow\">\n<p><\/p>\n\n\n\n<h2 class=\"wp-block-heading\">trombon<\/h2>\n\n\n\n<p>Albert Hrubov\u010d\u00e1k (SK)<br>Robert Koz\u00e1nek (CZ)<br>Alois Mech (CZ)<br>Luk\u00e1\u0161 Mo\u0165ka (CZ)<br>Ivo Navr\u00e1til (CZ)<br>Zdzis\u0142aw Stolarczyk (PL)<br>V\u00f6r\u00f6s J\u00f3zsef (HU)<\/p>\n<\/div>\n<\/div>\n\n\n\n<div class=\"wp-block-group\"><div class=\"wp-block-group__inner-container is-layout-flow wp-block-group-is-layout-flow\"><\/div><\/div>\n<\/div>\n<\/div>\n","protected":false},"excerpt":{"rendered":"<p>lesn\u00ed roh Jarom\u00edr \u010c\u00ed\u017eek (CZ)Petr Hernych (CZ)Jind\u0159ich Kol\u00e1\u0159 (CZ)Jind\u0159ich Petr\u00e1\u0161 (CZ)Zuzana Rzounkov\u00e1 (SK)Tadeusz Tomaszewski (PL)Varga Zolt\u00e1n (HU)Jan Vobo\u0159il (CZ) tuba Adamik G\u00e1bor (HU)Metod\u011bj Dvo\u0159\u00e1k (CZ)Marek Filla (CZ)Karel Malim\u00e1nek (CZ)Nikolaj Kani\u0161\u00e1k (SK)Ji\u0159\u00ed Kr\u00e1l (CZ)Jakub Urbanczyk (PL) trubka Juraj Barto\u0161 (SK)Walter Hofbauer (CZ)Kis Andr\u00e1s&nbsp;(HU)Franti\u0161ek K\u0159\u00ed\u017e (CZ)Wac\u0142aw&nbsp;Mulak (PL)Vojt\u011bch Novotn\u00fd (CZ)Rastislav Suchan (SK)Ji\u0159\u00ed Tesa\u0159\u00edk (CZ) fagot Peter Kajan (SK)Artur [&hellip;]<\/p>\n","protected":false},"author":1,"featured_media":0,"parent":0,"menu_order":0,"comment_status":"closed","ping_status":"closed","template":"","meta":{"footnotes":""},"class_list":["post-821","page","type-page","status-publish","hentry"],"_links":{"self":[{"href":"https:\/\/zestebrno.cz\/index.php?rest_route=\/wp\/v2\/pages\/821","targetHints":{"allow":["GET"]}}],"collection":[{"href":"https:\/\/zestebrno.cz\/index.php?rest_route=\/wp\/v2\/pages"}],"about":[{"href":"https:\/\/zestebrno.cz\/index.php?rest_route=\/wp\/v2\/types\/page"}],"author":[{"embeddable":true,"href":"https:\/\/zestebrno.cz\/index.php?rest_route=\/wp\/v2\/users\/1"}],"replies":[{"embeddable":true,"href":"https:\/\/zestebrno.cz\/index.php?rest_route=%2Fwp%2Fv2%2Fcomments&post=821"}],"version-history":[{"count":29,"href":"https:\/\/zestebrno.cz\/index.php?rest_route=\/wp\/v2\/pages\/821\/revisions"}],"predecessor-version":[{"id":1932,"href":"https:\/\/zestebrno.cz\/index.php?rest_route=\/wp\/v2\/pages\/821\/revisions\/1932"}],"wp:attachment":[{"href":"https:\/\/zestebrno.cz\/index.php?rest_route=%2Fwp%2Fv2%2Fmedia&parent=821"}],"curies":[{"name":"wp","href":"https:\/\/api.w.org\/{rel}","templated":true}]}}