{"id":749,"date":"2022-01-18T13:34:48","date_gmt":"2022-01-18T12:34:48","guid":{"rendered":"https:\/\/zestebrno.cz\/?page_id=749"},"modified":"2022-01-18T13:34:49","modified_gmt":"2022-01-18T12:34:49","slug":"cookies","status":"publish","type":"page","link":"https:\/\/zestebrno.cz\/?page_id=749","title":{"rendered":"Cookies"},"content":{"rendered":"\n<p>Pro b\u011bh tohoto webu pou\u017e\u00edv\u00e1me pouze <strong>nezbytn\u00e1 technick\u00e1 cookies<\/strong>, bez kter\u00fdch na\u0161e webov\u00e9 str\u00e1nky nepojedou. Tato cookies nejsou voliteln\u00e1, nelze je odm\u00edtnout.<\/p>\n\n\n\n<p><strong>Nepou\u017e\u00edv\u00e1me \u017e\u00e1dn\u00e1 analytick\u00e1, marketingov\u00e1 nebo jin\u00e1 sledovac\u00ed cookies.<\/strong> kter\u00e1 by vy\u017eadovala aktivn\u00ed souhlas u\u017eivatele.<\/p>\n","protected":false},"excerpt":{"rendered":"<p>Pro b\u011bh tohoto webu pou\u017e\u00edv\u00e1me pouze nezbytn\u00e1 technick\u00e1 cookies, bez kter\u00fdch na\u0161e webov\u00e9 str\u00e1nky nepojedou. Tato cookies nejsou voliteln\u00e1, nelze je odm\u00edtnout. Nepou\u017e\u00edv\u00e1me \u017e\u00e1dn\u00e1 analytick\u00e1, marketingov\u00e1 nebo jin\u00e1 sledovac\u00ed cookies. kter\u00e1 by vy\u017eadovala aktivn\u00ed souhlas u\u017eivatele.<\/p>\n","protected":false},"author":1,"featured_media":0,"parent":0,"menu_order":0,"comment_status":"closed","ping_status":"closed","template":"","meta":{"footnotes":""},"class_list":["post-749","page","type-page","status-publish","hentry"],"_links":{"self":[{"href":"https:\/\/zestebrno.cz\/index.php?rest_route=\/wp\/v2\/pages\/749","targetHints":{"allow":["GET"]}}],"collection":[{"href":"https:\/\/zestebrno.cz\/index.php?rest_route=\/wp\/v2\/pages"}],"about":[{"href":"https:\/\/zestebrno.cz\/index.php?rest_route=\/wp\/v2\/types\/page"}],"author":[{"embeddable":true,"href":"https:\/\/zestebrno.cz\/index.php?rest_route=\/wp\/v2\/users\/1"}],"replies":[{"embeddable":true,"href":"https:\/\/zestebrno.cz\/index.php?rest_route=%2Fwp%2Fv2%2Fcomments&post=749"}],"version-history":[{"count":1,"href":"https:\/\/zestebrno.cz\/index.php?rest_route=\/wp\/v2\/pages\/749\/revisions"}],"predecessor-version":[{"id":750,"href":"https:\/\/zestebrno.cz\/index.php?rest_route=\/wp\/v2\/pages\/749\/revisions\/750"}],"wp:attachment":[{"href":"https:\/\/zestebrno.cz\/index.php?rest_route=%2Fwp%2Fv2%2Fmedia&parent=749"}],"curies":[{"name":"wp","href":"https:\/\/api.w.org\/{rel}","templated":true}]}}