{"id":717,"date":"2022-01-11T10:15:18","date_gmt":"2022-01-11T09:15:18","guid":{"rendered":"https:\/\/zestebrno.cz\/?page_id=717"},"modified":"2022-01-11T10:15:19","modified_gmt":"2022-01-11T09:15:19","slug":"mezinarodni-interpretacni-soutez-dechovych-nastroju-junior-brno-2021","status":"publish","type":"page","link":"https:\/\/zestebrno.cz\/?page_id=717","title":{"rendered":"Mezin\u00e1rodn\u00ed interpreta\u010dn\u00ed sout\u011b\u017e dechov\u00fdch n\u00e1stroj\u016f JUNIOR Brno 2021"},"content":{"rendered":"\n<p>V dubnu 2021 se p\u016fvodn\u011b vyhl\u00e1\u0161en\u00e1 sout\u011b\u017e v kategori\u00edch I, II, III, IV kv\u016fli epidemiologick\u00fdm opat\u0159en\u00edm (nemoc Covid 19) nekonala. V \u010dervnu pak prob\u011bhla sout\u011b\u017e JUNIOR, kter\u00e1 nem\u011bla po\u0159adov\u00e9 \u010d\u00edslo, byla &#8222;nav\u00edc&#8220;. <\/p>\n\n\n\n<h2 class=\"wp-block-heading\">v\u00fdsledky<\/h2>\n\n\n\n<p><a href=\"https:\/\/zestebrno.cz\/wp-content\/uploads\/2021\/06\/brno2021_junior_results.pdf\">V\u00fdsledkovou listinou Mezin\u00e1rodn\u00ed interpreta\u010dn\u00ed sout\u011b\u017ee dechov\u00fdch n\u00e1stroj\u016f JUNIOR Brno 2021 st\u00e1hnete tady.<\/a>\u00a0(pdf)<br>\u00a0<\/p>\n\n\n\n<h2 class=\"wp-block-heading\">oraganizace sout\u011b\u017ee<\/h2>\n\n\n\n<p>p\u0159edseda<br>Jind\u0159ich Petr\u00e1\u0161<br><br>m\u00edstop\u0159edsedov\u00e9<br>Pavel Bure\u0161, Ivo Navr\u00e1til<br><br>organizace JUNIOR<br>Olga Vold\u00e1nov\u00e1<br><br>zahrani\u010dn\u00ed partne\u0159i<br>Zdzis\u0142aw Stolarczyk, Zolt\u00e1n Varga, Albert Hrubov\u010d\u00e1k, V\u0160MU Bratislava<br><br>sekretari\u00e1t<br>Anna&nbsp;M\u00fcllerov\u00e1, Alena Vahal\u00edkov\u00e1<br><br>garanti obor\u016f<br>Vojt\u011bch Novotn\u00fd, Tom\u00e1\u0161 Kopeck\u00fd, Ivo Navr\u00e1til, Pavel Bure\u0161, Roman Novoz\u00e1msk\u00fd<br><br>dal\u0161\u00ed \u010dlenov\u00e9<br>Josef Cecava, Franti\u0161ek Je\u0159\u00e1bek, Josef Stibor, Jan Broda<\/p>\n","protected":false},"excerpt":{"rendered":"<p>V dubnu 2021 se p\u016fvodn\u011b vyhl\u00e1\u0161en\u00e1 sout\u011b\u017e v kategori\u00edch I, II, III, IV kv\u016fli epidemiologick\u00fdm opat\u0159en\u00edm (nemoc Covid 19) nekonala. V \u010dervnu pak prob\u011bhla sout\u011b\u017e JUNIOR, kter\u00e1 nem\u011bla po\u0159adov\u00e9 \u010d\u00edslo, byla &#8222;nav\u00edc&#8220;. v\u00fdsledky V\u00fdsledkovou listinou Mezin\u00e1rodn\u00ed interpreta\u010dn\u00ed sout\u011b\u017ee dechov\u00fdch n\u00e1stroj\u016f JUNIOR Brno 2021 st\u00e1hnete tady.\u00a0(pdf)\u00a0 oraganizace sout\u011b\u017ee p\u0159edsedaJind\u0159ich Petr\u00e1\u0161 m\u00edstop\u0159edsedov\u00e9Pavel Bure\u0161, Ivo Navr\u00e1til organizace JUNIOROlga [&hellip;]<\/p>\n","protected":false},"author":1,"featured_media":0,"parent":0,"menu_order":0,"comment_status":"closed","ping_status":"closed","template":"","meta":{"footnotes":""},"class_list":["post-717","page","type-page","status-publish","hentry"],"_links":{"self":[{"href":"https:\/\/zestebrno.cz\/index.php?rest_route=\/wp\/v2\/pages\/717","targetHints":{"allow":["GET"]}}],"collection":[{"href":"https:\/\/zestebrno.cz\/index.php?rest_route=\/wp\/v2\/pages"}],"about":[{"href":"https:\/\/zestebrno.cz\/index.php?rest_route=\/wp\/v2\/types\/page"}],"author":[{"embeddable":true,"href":"https:\/\/zestebrno.cz\/index.php?rest_route=\/wp\/v2\/users\/1"}],"replies":[{"embeddable":true,"href":"https:\/\/zestebrno.cz\/index.php?rest_route=%2Fwp%2Fv2%2Fcomments&post=717"}],"version-history":[{"count":1,"href":"https:\/\/zestebrno.cz\/index.php?rest_route=\/wp\/v2\/pages\/717\/revisions"}],"predecessor-version":[{"id":718,"href":"https:\/\/zestebrno.cz\/index.php?rest_route=\/wp\/v2\/pages\/717\/revisions\/718"}],"wp:attachment":[{"href":"https:\/\/zestebrno.cz\/index.php?rest_route=%2Fwp%2Fv2%2Fmedia&parent=717"}],"curies":[{"name":"wp","href":"https:\/\/api.w.org\/{rel}","templated":true}]}}