{"id":710,"date":"2022-01-11T09:26:15","date_gmt":"2022-01-11T08:26:15","guid":{"rendered":"https:\/\/zestebrno.cz\/?page_id=710"},"modified":"2022-01-11T10:08:29","modified_gmt":"2022-01-11T09:08:29","slug":"xii-mezinarodni-interpretacni-soutez-zestovych-nastroju-brno-2019","status":"publish","type":"page","link":"https:\/\/zestebrno.cz\/?page_id=710","title":{"rendered":"XII. Mezin\u00e1rodn\u00ed interpreta\u010dn\u00ed sout\u011b\u017e \u017ees\u0165ov\u00fdch n\u00e1stroj\u016f Brno 2019"},"content":{"rendered":"\n<h2 class=\"wp-block-heading\">v\u00fdsledky<\/h2>\n\n\n\n<p><br><br><a href=\"https:\/\/www.zestebrno.cz\/files\/2019_results.pdf\">v\u00fdsledkov\u00e1 listina kat. I, II, III, IV 2019<\/a>&nbsp;(pdf)<br><br><a rel=\"noreferrer noopener\" href=\"https:\/\/www.zestebrno.cz\/files\/brno2019_junior_results.pdf\" target=\"_blank\">v\u00fdsledkov\u00e1 listina JUNIOR 2019<\/a>&nbsp;(pdf)<br>&nbsp;<\/p>\n\n\n\n<h2 class=\"wp-block-heading\">oraganizace sout\u011b\u017ee<\/h2>\n\n\n\n<p>p\u0159edseda<br>Jind\u0159ich Petr\u00e1\u0161<br><br>m\u00edstop\u0159edsedov\u00e9<br>Pavel Bure\u0161, Ivo Navr\u00e1til<br><br>organizace JUNIOR<br>Olga Vold\u00e1nov\u00e1<br><br>zahrani\u010dn\u00ed partne\u0159i<br>Zdzis\u0142aw Stolarczyk, Zolt\u00e1n Varga, Albert Hrubov\u010d\u00e1k, V\u0160MU Bratislava<br><br>sekretari\u00e1t<br>Anna&nbsp;M\u00fcllerov\u00e1, Alena Vahal\u00edkov\u00e1<br><br>garanti obor\u016f<br>Vojt\u011bch Novotn\u00fd, Tom\u00e1\u0161 Kopeck\u00fd, Ivo Navr\u00e1til, Pavel Bure\u0161, Roman Novoz\u00e1msk\u00fd<br><br>dal\u0161\u00ed \u010dlenov\u00e9<br>Josef Cecava, Franti\u0161ek Je\u0159\u00e1bek, Josef Stibor, Jan Broda<\/p>\n","protected":false},"excerpt":{"rendered":"<p>v\u00fdsledky v\u00fdsledkov\u00e1 listina kat. I, II, III, IV 2019&nbsp;(pdf) v\u00fdsledkov\u00e1 listina JUNIOR 2019&nbsp;(pdf)&nbsp; oraganizace sout\u011b\u017ee p\u0159edsedaJind\u0159ich Petr\u00e1\u0161 m\u00edstop\u0159edsedov\u00e9Pavel Bure\u0161, Ivo Navr\u00e1til organizace JUNIOROlga Vold\u00e1nov\u00e1 zahrani\u010dn\u00ed partne\u0159iZdzis\u0142aw Stolarczyk, Zolt\u00e1n Varga, Albert Hrubov\u010d\u00e1k, V\u0160MU Bratislava sekretari\u00e1tAnna&nbsp;M\u00fcllerov\u00e1, Alena Vahal\u00edkov\u00e1 garanti obor\u016fVojt\u011bch Novotn\u00fd, Tom\u00e1\u0161 Kopeck\u00fd, Ivo Navr\u00e1til, Pavel Bure\u0161, Roman Novoz\u00e1msk\u00fd dal\u0161\u00ed \u010dlenov\u00e9Josef Cecava, Franti\u0161ek Je\u0159\u00e1bek, Josef Stibor, Jan [&hellip;]<\/p>\n","protected":false},"author":1,"featured_media":0,"parent":0,"menu_order":0,"comment_status":"closed","ping_status":"closed","template":"","meta":{"footnotes":""},"class_list":["post-710","page","type-page","status-publish","hentry"],"_links":{"self":[{"href":"https:\/\/zestebrno.cz\/index.php?rest_route=\/wp\/v2\/pages\/710","targetHints":{"allow":["GET"]}}],"collection":[{"href":"https:\/\/zestebrno.cz\/index.php?rest_route=\/wp\/v2\/pages"}],"about":[{"href":"https:\/\/zestebrno.cz\/index.php?rest_route=\/wp\/v2\/types\/page"}],"author":[{"embeddable":true,"href":"https:\/\/zestebrno.cz\/index.php?rest_route=\/wp\/v2\/users\/1"}],"replies":[{"embeddable":true,"href":"https:\/\/zestebrno.cz\/index.php?rest_route=%2Fwp%2Fv2%2Fcomments&post=710"}],"version-history":[{"count":2,"href":"https:\/\/zestebrno.cz\/index.php?rest_route=\/wp\/v2\/pages\/710\/revisions"}],"predecessor-version":[{"id":716,"href":"https:\/\/zestebrno.cz\/index.php?rest_route=\/wp\/v2\/pages\/710\/revisions\/716"}],"wp:attachment":[{"href":"https:\/\/zestebrno.cz\/index.php?rest_route=%2Fwp%2Fv2%2Fmedia&parent=710"}],"curies":[{"name":"wp","href":"https:\/\/api.w.org\/{rel}","templated":true}]}}