{"id":57,"date":"2021-01-08T16:53:18","date_gmt":"2021-01-08T15:53:18","guid":{"rendered":"https:\/\/www.zestebrno.cz\/test\/?page_id=57"},"modified":"2021-02-11T10:17:04","modified_gmt":"2021-02-11T09:17:04","slug":"history","status":"publish","type":"page","link":"https:\/\/zestebrno.cz\/?page_id=57&lang=en","title":{"rendered":"About the competition"},"content":{"rendered":"\n<p>International Interpretative Competition for Wind Instruments in Brno is one of few competitions for wind instruments in Czech Republic. Its history dates back to 1973 and it is opened to young brass and bassoon players from the V4 countries<br>(the Czech Republic, Slovakia, Hungary and Poland).<br><strong>Organizer:<\/strong><br><a href=\"https:\/\/www.zestebrno.cz\/index.php?id=1&amp;langu=2\">Asociace Interpreta\u010dn\u00ed sout\u011b\u017ee<br>dechov\u00fdch n\u00e1stroj\u016f Brno<\/a><br><strong>Co-Organizers:<\/strong><br><a href=\"http:\/\/www.konzervatorbrno.eu\/\">Konzervato\u0159 Brno<\/a> (main partner)<br>Albert Hrubov\u010d\u00e1k<br>(<a href=\"http:\/\/www.vsmu.sk\/\">Academy of Music and Dramatic arts in Bratislava<\/a>)<br>Zdzis\u0142aw Stolarczyk<br>(Academy of Music in Krak\u00f3w)<br>Zolt\u00e1n Varga<br>(Liszt Ferenc Academy of Music in Budapest)<\/p>\n","protected":false},"excerpt":{"rendered":"<p>International Interpretative Competition for Wind Instruments in Brno is one of few competitions for wind instruments in Czech Republic. Its history dates back to 1973 and it is opened to young brass and bassoon players from the V4 countries(the Czech Republic, Slovakia, Hungary and Poland).Organizer:Asociace Interpreta\u010dn\u00ed sout\u011b\u017eedechov\u00fdch n\u00e1stroj\u016f BrnoCo-Organizers:Konzervato\u0159 Brno (main partner)Albert Hrubov\u010d\u00e1k(Academy of Music [&hellip;]<\/p>\n","protected":false},"author":1,"featured_media":0,"parent":0,"menu_order":0,"comment_status":"closed","ping_status":"closed","template":"","meta":{"footnotes":""},"class_list":["post-57","page","type-page","status-publish","hentry"],"_links":{"self":[{"href":"https:\/\/zestebrno.cz\/index.php?rest_route=\/wp\/v2\/pages\/57","targetHints":{"allow":["GET"]}}],"collection":[{"href":"https:\/\/zestebrno.cz\/index.php?rest_route=\/wp\/v2\/pages"}],"about":[{"href":"https:\/\/zestebrno.cz\/index.php?rest_route=\/wp\/v2\/types\/page"}],"author":[{"embeddable":true,"href":"https:\/\/zestebrno.cz\/index.php?rest_route=\/wp\/v2\/users\/1"}],"replies":[{"embeddable":true,"href":"https:\/\/zestebrno.cz\/index.php?rest_route=%2Fwp%2Fv2%2Fcomments&post=57"}],"version-history":[{"count":4,"href":"https:\/\/zestebrno.cz\/index.php?rest_route=\/wp\/v2\/pages\/57\/revisions"}],"predecessor-version":[{"id":453,"href":"https:\/\/zestebrno.cz\/index.php?rest_route=\/wp\/v2\/pages\/57\/revisions\/453"}],"wp:attachment":[{"href":"https:\/\/zestebrno.cz\/index.php?rest_route=%2Fwp%2Fv2%2Fmedia&parent=57"}],"curies":[{"name":"wp","href":"https:\/\/api.w.org\/{rel}","templated":true}]}}