{"id":55,"date":"2021-01-08T16:52:29","date_gmt":"2021-01-08T15:52:29","guid":{"rendered":"https:\/\/www.zestebrno.cz\/test\/?page_id=55"},"modified":"2021-02-11T10:27:49","modified_gmt":"2021-02-11T09:27:49","slug":"z-historie-souteze","status":"publish","type":"page","link":"https:\/\/zestebrno.cz\/?page_id=55","title":{"rendered":"O sout\u011b\u017ei"},"content":{"rendered":"\n<p>Mezin\u00e1rodn\u00ed interpreta\u010dn\u00ed sout\u011b\u017e<br>dechov\u00fdch n\u00e1stroj\u016f v Brn\u011b je jednou z m\u00e1la \u010desk\u00fdch sout\u011b\u017e\u00ed pro dechov\u00e9 n\u00e1stroje v \u010cesk\u00e9 republice, jej\u00ed historie sah\u00e1 a\u017e do roku 1973.<br>Sout\u011b\u017e se kon\u00e1 ka\u017ed\u00e9 dva roky pro \u017e\u00e1ky ZU\u0160 a studenty st\u0159edn\u00edch a vysok\u00fdch um\u011bleck\u00fdch \u0161kol ze zem\u00ed Vi\u0161egr\u00e1dsk\u00e9 \u010dty\u0159ky.<br><strong>sout\u011b\u017e po\u0159\u00e1d\u00e1:<\/strong><br><a href=\"https:\/\/www.zestebrno.cz\/\">Asociace Interpreta\u010dn\u00ed sout\u011b\u017ee dechov\u00fdch n\u00e1stroj\u016f Brno<\/a><br><strong>spolupo\u0159adatel\u00e9:<\/strong><br><a href=\"http:\/\/www.konzervatorbrno.eu\/\">Konzervato\u0159 Brno<\/a>&nbsp;(hlavn\u00ed spolupo\u0159adatel)<br>Albert Hrubov\u010d\u00e1k<br>(<a href=\"http:\/\/www.vsmu.sk\/\">Vysok\u00e1 \u0161kola m\u00fazick\u00fdch umeni v Bratislave<\/a>)<br>Zdzis\u0142aw Stolarczyk<br>(Akademia Muzyczna v Krakov\u011b)<br>Zolt\u00e1n Varga<br>(Akademie Ference Liszta v Budape\u0161ti)<\/p>\n","protected":false},"excerpt":{"rendered":"<p>Mezin\u00e1rodn\u00ed interpreta\u010dn\u00ed sout\u011b\u017edechov\u00fdch n\u00e1stroj\u016f v Brn\u011b je jednou z m\u00e1la \u010desk\u00fdch sout\u011b\u017e\u00ed pro dechov\u00e9 n\u00e1stroje v \u010cesk\u00e9 republice, jej\u00ed historie sah\u00e1 a\u017e do roku 1973.Sout\u011b\u017e se kon\u00e1 ka\u017ed\u00e9 dva roky pro \u017e\u00e1ky ZU\u0160 a studenty st\u0159edn\u00edch a vysok\u00fdch um\u011bleck\u00fdch \u0161kol ze zem\u00ed Vi\u0161egr\u00e1dsk\u00e9 \u010dty\u0159ky.sout\u011b\u017e po\u0159\u00e1d\u00e1:Asociace Interpreta\u010dn\u00ed sout\u011b\u017ee dechov\u00fdch n\u00e1stroj\u016f Brnospolupo\u0159adatel\u00e9:Konzervato\u0159 Brno&nbsp;(hlavn\u00ed spolupo\u0159adatel)Albert Hrubov\u010d\u00e1k(Vysok\u00e1 \u0161kola m\u00fazick\u00fdch [&hellip;]<\/p>\n","protected":false},"author":1,"featured_media":0,"parent":0,"menu_order":0,"comment_status":"closed","ping_status":"closed","template":"","meta":{"footnotes":""},"class_list":["post-55","page","type-page","status-publish","hentry"],"_links":{"self":[{"href":"https:\/\/zestebrno.cz\/index.php?rest_route=\/wp\/v2\/pages\/55","targetHints":{"allow":["GET"]}}],"collection":[{"href":"https:\/\/zestebrno.cz\/index.php?rest_route=\/wp\/v2\/pages"}],"about":[{"href":"https:\/\/zestebrno.cz\/index.php?rest_route=\/wp\/v2\/types\/page"}],"author":[{"embeddable":true,"href":"https:\/\/zestebrno.cz\/index.php?rest_route=\/wp\/v2\/users\/1"}],"replies":[{"embeddable":true,"href":"https:\/\/zestebrno.cz\/index.php?rest_route=%2Fwp%2Fv2%2Fcomments&post=55"}],"version-history":[{"count":3,"href":"https:\/\/zestebrno.cz\/index.php?rest_route=\/wp\/v2\/pages\/55\/revisions"}],"predecessor-version":[{"id":277,"href":"https:\/\/zestebrno.cz\/index.php?rest_route=\/wp\/v2\/pages\/55\/revisions\/277"}],"wp:attachment":[{"href":"https:\/\/zestebrno.cz\/index.php?rest_route=%2Fwp%2Fv2%2Fmedia&parent=55"}],"curies":[{"name":"wp","href":"https:\/\/api.w.org\/{rel}","templated":true}]}}