{"id":442,"date":"2021-02-10T16:46:06","date_gmt":"2021-02-10T15:46:06","guid":{"rendered":"https:\/\/www.zestebrno.cz\/?page_id=442"},"modified":"2022-01-11T09:26:39","modified_gmt":"2022-01-11T08:26:39","slug":"12th-international-interpretative-competition-for-wind-instruments-brno-2019","status":"publish","type":"page","link":"https:\/\/zestebrno.cz\/?page_id=442&lang=en","title":{"rendered":"12th international interpretative Competition for Wind Instruments Brno 2019"},"content":{"rendered":"\n<h2 class=\"wp-block-heading\">competition and results<\/h2>\n\n\n\n<p><br><br><a href=\"https:\/\/www.zestebrno.cz\/files\/2019_results.pdf\">Download score sheet 2019<\/a>&nbsp;(pdf)<br><br><a rel=\"noreferrer noopener\" href=\"https:\/\/www.zestebrno.cz\/files\/brno2019_junior_results.pdf\" target=\"_blank\">Download score sheet JUNIOR<\/a>&nbsp;(pdf)<br>&nbsp;<\/p>\n\n\n\n<h2 class=\"wp-block-heading\">competition staff Brno 2019<\/h2>\n\n\n\n<p>chairman<br>Jind\u0159ich Petr\u00e1\u0161<br><br>vicechairman<br>Pavel Bure\u0161, Ivo Navr\u00e1til<br><br>category JUNIOR<br>Olga Vold\u00e1nov\u00e1<br><br>foreign partners<br>Zdzis\u0142aw Stolarczyk, Zolt\u00e1n Varga, Albert Hrubov\u010d\u00e1k, V\u0160MU Bratislava<br><br>secretariat<br>Anna\u00a0M\u00fcllerov\u00e1, Alena Vahal\u00edkov\u00e1<br><br>section responsibles<br>Vojt\u011bch Novotn\u00fd, Tom\u00e1\u0161 Kopeck\u00fd, Ivo Navr\u00e1til, Pavel Bure\u0161, Roman Novoz\u00e1msk\u00fd<br><br>other members<br>Josef Cecava, Franti\u0161ek Je\u0159\u00e1bek, Josef Stibor, Jan Broda<\/p>\n","protected":false},"excerpt":{"rendered":"<p>competition and results Download score sheet 2019&nbsp;(pdf) Download score sheet JUNIOR&nbsp;(pdf)&nbsp; competition staff Brno 2019 chairmanJind\u0159ich Petr\u00e1\u0161 vicechairmanPavel Bure\u0161, Ivo Navr\u00e1til category JUNIOROlga Vold\u00e1nov\u00e1 foreign partnersZdzis\u0142aw Stolarczyk, Zolt\u00e1n Varga, Albert Hrubov\u010d\u00e1k, V\u0160MU Bratislava secretariatAnna\u00a0M\u00fcllerov\u00e1, Alena Vahal\u00edkov\u00e1 section responsiblesVojt\u011bch Novotn\u00fd, Tom\u00e1\u0161 Kopeck\u00fd, Ivo Navr\u00e1til, Pavel Bure\u0161, Roman Novoz\u00e1msk\u00fd other membersJosef Cecava, Franti\u0161ek Je\u0159\u00e1bek, Josef Stibor, Jan [&hellip;]<\/p>\n","protected":false},"author":1,"featured_media":0,"parent":0,"menu_order":0,"comment_status":"closed","ping_status":"closed","template":"","meta":{"footnotes":""},"class_list":["post-442","page","type-page","status-publish","hentry"],"_links":{"self":[{"href":"https:\/\/zestebrno.cz\/index.php?rest_route=\/wp\/v2\/pages\/442","targetHints":{"allow":["GET"]}}],"collection":[{"href":"https:\/\/zestebrno.cz\/index.php?rest_route=\/wp\/v2\/pages"}],"about":[{"href":"https:\/\/zestebrno.cz\/index.php?rest_route=\/wp\/v2\/types\/page"}],"author":[{"embeddable":true,"href":"https:\/\/zestebrno.cz\/index.php?rest_route=\/wp\/v2\/users\/1"}],"replies":[{"embeddable":true,"href":"https:\/\/zestebrno.cz\/index.php?rest_route=%2Fwp%2Fv2%2Fcomments&post=442"}],"version-history":[{"count":2,"href":"https:\/\/zestebrno.cz\/index.php?rest_route=\/wp\/v2\/pages\/442\/revisions"}],"predecessor-version":[{"id":712,"href":"https:\/\/zestebrno.cz\/index.php?rest_route=\/wp\/v2\/pages\/442\/revisions\/712"}],"wp:attachment":[{"href":"https:\/\/zestebrno.cz\/index.php?rest_route=%2Fwp%2Fv2%2Fmedia&parent=442"}],"curies":[{"name":"wp","href":"https:\/\/api.w.org\/{rel}","templated":true}]}}