{"id":431,"date":"2021-02-10T14:57:37","date_gmt":"2021-02-10T13:57:37","guid":{"rendered":"https:\/\/www.zestebrno.cz\/?page_id=431"},"modified":"2023-06-22T09:38:41","modified_gmt":"2023-06-22T07:38:41","slug":"soutezni-repertoar","status":"publish","type":"page","link":"https:\/\/zestebrno.cz\/?page_id=431","title":{"rendered":"SOUT\u011a\u017dN\u00cd REPERTO\u00c1R"},"content":{"rendered":"\n<h3 class=\"wp-block-heading\">pouze pro kategorie I, II, III, IV<\/h3>\n\n\n\n<p>\u00da\u010dastn\u00edk je povinen hr\u00e1t nejprve povinnou skladbu a pot\u00e9 jednu volitelnou skladbu a to v\u017edy od jej\u00edho za\u010d\u00e1tku. V p\u0159\u00edpad\u011b, \u017ee jsou v sout\u011b\u017en\u00edm reperto\u00e1ru uvedeny vybran\u00e9 v\u011bty nebo \u010d\u00e1sti, je jejich po\u0159ad\u00ed z\u00e1vazn\u00e9.<\/p>\n\n\n\n<p><strong>Podm\u00ednkou sout\u011b\u017ee je hra zpam\u011bti jedn\u00e9 skladby v ka\u017ed\u00e9m kole.<\/strong><\/p>\n\n\n\n<p>Sout\u011b\u017e\u00edc\u00ed v ni\u017e\u0161\u00ed kategorii si m\u016f\u017ee jako volitelnou skladbu vybrat kteroukoliv skladbu z kategorie vy\u0161\u0161\u00ed.<\/p>\n\n\n\n<p><a href=\"https:\/\/www.zestebrno.cz\/?page_id=191\">Sout\u011b\u017en\u00ed reperto\u00e1r \u2013 obor lesn\u00ed roh<\/a><\/p>\n\n\n\n<p><a href=\"https:\/\/www.zestebrno.cz\/?page_id=210\">Sout\u011b\u017en\u00ed reperto\u00e1r \u2013 obor trubka<\/a><\/p>\n\n\n\n<p><a href=\"https:\/\/www.zestebrno.cz\/?page_id=212\">Sout\u011b\u017en\u00ed reperto\u00e1r \u2013 obor trombon<\/a><\/p>\n\n\n\n<p><a href=\"https:\/\/www.zestebrno.cz\/?page_id=214\">Sout\u011b\u017en\u00ed reperto\u00e1r \u2013 obor tuba<\/a><\/p>\n\n\n\n<p><a href=\"https:\/\/www.zestebrno.cz\/?page_id=208\">Sout\u011b\u017en\u00ed reperto\u00e1r \u2013 obor fagot<\/a><\/p>\n","protected":false},"excerpt":{"rendered":"<p>pouze pro kategorie I, II, III, IV \u00da\u010dastn\u00edk je povinen hr\u00e1t nejprve povinnou skladbu a pot\u00e9 jednu volitelnou skladbu a to v\u017edy od jej\u00edho za\u010d\u00e1tku. V p\u0159\u00edpad\u011b, \u017ee jsou v sout\u011b\u017en\u00edm reperto\u00e1ru uvedeny vybran\u00e9 v\u011bty nebo \u010d\u00e1sti, je jejich po\u0159ad\u00ed z\u00e1vazn\u00e9. Podm\u00ednkou sout\u011b\u017ee je hra zpam\u011bti jedn\u00e9 skladby v ka\u017ed\u00e9m kole. Sout\u011b\u017e\u00edc\u00ed v ni\u017e\u0161\u00ed kategorii [&hellip;]<\/p>\n","protected":false},"author":1,"featured_media":0,"parent":0,"menu_order":0,"comment_status":"closed","ping_status":"closed","template":"","meta":{"footnotes":""},"class_list":["post-431","page","type-page","status-publish","hentry"],"_links":{"self":[{"href":"https:\/\/zestebrno.cz\/index.php?rest_route=\/wp\/v2\/pages\/431","targetHints":{"allow":["GET"]}}],"collection":[{"href":"https:\/\/zestebrno.cz\/index.php?rest_route=\/wp\/v2\/pages"}],"about":[{"href":"https:\/\/zestebrno.cz\/index.php?rest_route=\/wp\/v2\/types\/page"}],"author":[{"embeddable":true,"href":"https:\/\/zestebrno.cz\/index.php?rest_route=\/wp\/v2\/users\/1"}],"replies":[{"embeddable":true,"href":"https:\/\/zestebrno.cz\/index.php?rest_route=%2Fwp%2Fv2%2Fcomments&post=431"}],"version-history":[{"count":6,"href":"https:\/\/zestebrno.cz\/index.php?rest_route=\/wp\/v2\/pages\/431\/revisions"}],"predecessor-version":[{"id":1242,"href":"https:\/\/zestebrno.cz\/index.php?rest_route=\/wp\/v2\/pages\/431\/revisions\/1242"}],"wp:attachment":[{"href":"https:\/\/zestebrno.cz\/index.php?rest_route=%2Fwp%2Fv2%2Fmedia&parent=431"}],"curies":[{"name":"wp","href":"https:\/\/api.w.org\/{rel}","templated":true}]}}