{"id":410,"date":"2021-02-10T14:12:45","date_gmt":"2021-02-10T13:12:45","guid":{"rendered":"https:\/\/www.zestebrno.cz\/test\/?page_id=410"},"modified":"2021-02-10T14:12:46","modified_gmt":"2021-02-10T13:12:46","slug":"10th-international-interpretative-competition-for-wind-instruments-brno-2015","status":"publish","type":"page","link":"https:\/\/zestebrno.cz\/?page_id=410&lang=en","title":{"rendered":"10th international interpretative Competition for Wind Instruments Brno 2015"},"content":{"rendered":"\n<h2 class=\"wp-block-heading\">competition and results<\/h2>\n\n\n\n<p><a href=\"http:\/\/www.zestebrno.cz\/\/files\/2015_bulletin_velka.pdf\" target=\"_blank\" rel=\"noreferrer noopener\">Competition bulletin 2015 (pdf)<\/a><br><br><a href=\"http:\/\/www.zestebrno.cz\/\/files\/2015_bulletin_junior.pdf\" target=\"_blank\" rel=\"noreferrer noopener\">Competition bulletin JUNIOR 2015 (pdf)<\/a><br><br><a href=\"http:\/\/www.zestebrno.cz\/files\/2015_results_123.pdf\">Download score sheet 2015<\/a>&nbsp;(pdf)<br><br><a href=\"http:\/\/www.zestebrno.cz\/files\/brno2015_junior_results.pdf\">Download score sheet JUNIOR<\/a>&nbsp;(pdf)<br>&nbsp;<\/p>\n\n\n\n<h2 class=\"wp-block-heading\">competition staff Brno 2015<\/h2>\n\n\n\n<p>chairman<br>Jind\u0159ich Petr\u00e1\u0161<br><br>competition manager<br>Jon\u00e1\u0161 Harman<br><br>vicechairman<br>Pavel Bure\u0161, Ivo Navr\u00e1til<br><br>category JUNIOR<br>Olga Vold\u00e1nov\u00e1<br><br>foreign partners<br>Zdzis\u0142aw Stolarczyk, Zolt\u00e1n Varga, J\u00e1n Budz\u00e1k, V\u0160MU Bratislava<br><br>secretariat<br>Anna&nbsp;M\u00fcllerov\u00e1, Alena Vahal\u00edkov\u00e1<br><br>section responsibles<br>Vojt\u011bch Novotn\u00fd, Tom\u00e1\u0161 Kopeck\u00fd<br><br>other members<br>Josef Cecava, Franti\u0161ek Je\u0159\u00e1bek, Josef Stibor, Jan Broda<\/p>\n","protected":false},"excerpt":{"rendered":"<p>competition and results Competition bulletin 2015 (pdf) Competition bulletin JUNIOR 2015 (pdf) Download score sheet 2015&nbsp;(pdf) Download score sheet JUNIOR&nbsp;(pdf)&nbsp; competition staff Brno 2015 chairmanJind\u0159ich Petr\u00e1\u0161 competition managerJon\u00e1\u0161 Harman vicechairmanPavel Bure\u0161, Ivo Navr\u00e1til category JUNIOROlga Vold\u00e1nov\u00e1 foreign partnersZdzis\u0142aw Stolarczyk, Zolt\u00e1n Varga, J\u00e1n Budz\u00e1k, V\u0160MU Bratislava secretariatAnna&nbsp;M\u00fcllerov\u00e1, Alena Vahal\u00edkov\u00e1 section responsiblesVojt\u011bch Novotn\u00fd, Tom\u00e1\u0161 Kopeck\u00fd other membersJosef [&hellip;]<\/p>\n","protected":false},"author":1,"featured_media":0,"parent":0,"menu_order":0,"comment_status":"closed","ping_status":"closed","template":"","meta":{"footnotes":""},"class_list":["post-410","page","type-page","status-publish","hentry"],"_links":{"self":[{"href":"https:\/\/zestebrno.cz\/index.php?rest_route=\/wp\/v2\/pages\/410","targetHints":{"allow":["GET"]}}],"collection":[{"href":"https:\/\/zestebrno.cz\/index.php?rest_route=\/wp\/v2\/pages"}],"about":[{"href":"https:\/\/zestebrno.cz\/index.php?rest_route=\/wp\/v2\/types\/page"}],"author":[{"embeddable":true,"href":"https:\/\/zestebrno.cz\/index.php?rest_route=\/wp\/v2\/users\/1"}],"replies":[{"embeddable":true,"href":"https:\/\/zestebrno.cz\/index.php?rest_route=%2Fwp%2Fv2%2Fcomments&post=410"}],"version-history":[{"count":1,"href":"https:\/\/zestebrno.cz\/index.php?rest_route=\/wp\/v2\/pages\/410\/revisions"}],"predecessor-version":[{"id":411,"href":"https:\/\/zestebrno.cz\/index.php?rest_route=\/wp\/v2\/pages\/410\/revisions\/411"}],"wp:attachment":[{"href":"https:\/\/zestebrno.cz\/index.php?rest_route=%2Fwp%2Fv2%2Fmedia&parent=410"}],"curies":[{"name":"wp","href":"https:\/\/api.w.org\/{rel}","templated":true}]}}