{"id":290,"date":"2021-02-08T15:05:17","date_gmt":"2021-02-08T14:05:17","guid":{"rendered":"https:\/\/www.zestebrno.cz\/test\/?page_id=290"},"modified":"2021-02-08T15:05:17","modified_gmt":"2021-02-08T14:05:17","slug":"8th-international-interpretative-competition-for-brass-instruments-brno-2011","status":"publish","type":"page","link":"https:\/\/zestebrno.cz\/?page_id=290&lang=en","title":{"rendered":"8th international interpretative Competition for Brass Instruments Brno 2011"},"content":{"rendered":"\n<p><strong><a href=\"https:\/\/zestebrno.cz\/files\/brno2011_results.pdf\">Download score sheet 2011<\/a><br><br><a href=\"https:\/\/zestebrno.cz\/files\/junior2011_results.pdf\">Download score sheet JUNIOR 2011<\/a><br><br><a href=\"https:\/\/zestebrno.cz\/bulletin_brno2011.pdf\">Competition bulletin 2011<\/a><br><br><a href=\"https:\/\/zestebrno.cz\/files\/bulletin_junior_2011.pdf\">Competition bulletin JUNIOR 2011<\/a><\/strong><\/p>\n\n\n\n<h2 class=\"wp-block-heading\">staff 2011<\/h2>\n\n\n\n<p>chairman<br>Jind\u0159ich Petr\u00e1\u0161<br><br>competition manager<br>Jon\u00e1\u0161 Harman<br><br>vicechairman<br>Pavel Bure\u0161, Ivo Navr\u00e1til<br><br>category JUNIOR<br>Olga Vold\u00e1nov\u00e1<br><br>foreign partners<br>Zdzis\u0142aw Stolarczyk, Guszt\u00e1v H\u00f6na,<br>J\u00e1n Budz\u00e1k<br><br>secretariat<br>Anna \u0160otolov\u00e1, Alena Vahal\u00edkov\u00e1<br><br>section responsibles<br>Vojt\u011bch Novotn\u00fd, Tom\u00e1\u0161 Kopeck\u00fd<br><br>other members<br>Josef Cecava, Franti\u0161ek Je\u0159\u00e1bek,&nbsp;Josef Stibor, Jan Broda<\/p>\n","protected":false},"excerpt":{"rendered":"<p>Download score sheet 2011 Download score sheet JUNIOR 2011 Competition bulletin 2011 Competition bulletin JUNIOR 2011 staff 2011 chairmanJind\u0159ich Petr\u00e1\u0161 competition managerJon\u00e1\u0161 Harman vicechairmanPavel Bure\u0161, Ivo Navr\u00e1til category JUNIOROlga Vold\u00e1nov\u00e1 foreign partnersZdzis\u0142aw Stolarczyk, Guszt\u00e1v H\u00f6na,J\u00e1n Budz\u00e1k secretariatAnna \u0160otolov\u00e1, Alena Vahal\u00edkov\u00e1 section responsiblesVojt\u011bch Novotn\u00fd, Tom\u00e1\u0161 Kopeck\u00fd other membersJosef Cecava, Franti\u0161ek Je\u0159\u00e1bek,&nbsp;Josef Stibor, Jan Broda<\/p>\n","protected":false},"author":1,"featured_media":0,"parent":0,"menu_order":0,"comment_status":"closed","ping_status":"closed","template":"","meta":{"footnotes":""},"class_list":["post-290","page","type-page","status-publish","hentry"],"_links":{"self":[{"href":"https:\/\/zestebrno.cz\/index.php?rest_route=\/wp\/v2\/pages\/290","targetHints":{"allow":["GET"]}}],"collection":[{"href":"https:\/\/zestebrno.cz\/index.php?rest_route=\/wp\/v2\/pages"}],"about":[{"href":"https:\/\/zestebrno.cz\/index.php?rest_route=\/wp\/v2\/types\/page"}],"author":[{"embeddable":true,"href":"https:\/\/zestebrno.cz\/index.php?rest_route=\/wp\/v2\/users\/1"}],"replies":[{"embeddable":true,"href":"https:\/\/zestebrno.cz\/index.php?rest_route=%2Fwp%2Fv2%2Fcomments&post=290"}],"version-history":[{"count":1,"href":"https:\/\/zestebrno.cz\/index.php?rest_route=\/wp\/v2\/pages\/290\/revisions"}],"predecessor-version":[{"id":291,"href":"https:\/\/zestebrno.cz\/index.php?rest_route=\/wp\/v2\/pages\/290\/revisions\/291"}],"wp:attachment":[{"href":"https:\/\/zestebrno.cz\/index.php?rest_route=%2Fwp%2Fv2%2Fmedia&parent=290"}],"curies":[{"name":"wp","href":"https:\/\/api.w.org\/{rel}","templated":true}]}}