{"id":288,"date":"2021-02-08T15:04:50","date_gmt":"2021-02-08T14:04:50","guid":{"rendered":"https:\/\/www.zestebrno.cz\/test\/?page_id=288"},"modified":"2021-02-08T15:04:51","modified_gmt":"2021-02-08T14:04:51","slug":"viii-mezinarodni-interpretacni-soutez-zestovych-nastroju-brno-2011","status":"publish","type":"page","link":"https:\/\/zestebrno.cz\/?page_id=288","title":{"rendered":"VIII. Mezin\u00e1rodn\u00ed interpreta\u010dn\u00ed sout\u011b\u017e \u017ees\u0165ov\u00fdch n\u00e1stroj\u016f Brno 2011"},"content":{"rendered":"\n<h2 class=\"wp-block-heading\">sout\u011b\u017e a v\u00fdsledky<\/h2>\n\n\n\n<p><a href=\"https:\/\/zestebrno.cz\/files\/bulletin_brno2011.pdf\">Sout\u011b\u017en\u00ed bulletin z roku 2011 v pdf.<\/a><br><br><a href=\"https:\/\/zestebrno.cz\/files\/bulletin_junior_2011.pdf\">Sout\u011b\u017en\u00ed bulletin JUNIOR z roku 2011 v pdf.<\/a><br><br>V\u00fdsledkov\u00e1 listina (sout\u011b\u017e 2011) I., II. a III. kategorie ke sta\u017een\u00ed&nbsp;<a href=\"https:\/\/zestebrno.cz\/files\/brno2011_results.pdf\">zde<\/a><br>(pdf)<br>V\u00fdsledkov\u00e1 listina (sout\u011b\u017e 2011) kategorie JUNIOR ke sta\u017een\u00ed.&nbsp;<a href=\"https:\/\/zestebrno.cz\/files\/junior2011_results.pdf\">zde<\/a><br>(pdf)<br>&nbsp;<\/p>\n\n\n\n<h2 class=\"wp-block-heading\">organiza\u010dn\u00ed t\u00fdm Brno 2011<\/h2>\n\n\n\n<p>p\u0159edseda<br>Jind\u0159ich Petr\u00e1\u0161<br><br>mana\u017eer sout\u011b\u017ee<br>Jon\u00e1\u0161 Harman<br><br>m\u00edstop\u0159edsedov\u00e9<br>Pavel Bure\u0161, Ivo Navr\u00e1til<br><br>organizace JUNIOR<br>Olga Vold\u00e1nov\u00e1<br><br>zahrani\u010dn\u00ed partne\u0159i<br>Zdzis\u0142aw Stolarczyk, Guszt\u00e1v H\u00f6na, J\u00e1n Budz\u00e1k, V\u0160MU Bratislava<br><br>sekretari\u00e1t<br>Anna&nbsp;M\u00fcllerov\u00e1, Alena Vahal\u00edkov\u00e1<br><br>garanti obor\u016f<br>Vojt\u011bch Novotn\u00fd, Tom\u00e1\u0161 Kopeck\u00fd<br><br>dal\u0161\u00ed \u010dlenov\u00e9 t\u00fdmu<br>Josef Cecava, Franti\u0161ek Je\u0159\u00e1bek, Josef Stibor, Jan Broda<\/p>\n","protected":false},"excerpt":{"rendered":"<p>sout\u011b\u017e a v\u00fdsledky Sout\u011b\u017en\u00ed bulletin z roku 2011 v pdf. Sout\u011b\u017en\u00ed bulletin JUNIOR z roku 2011 v pdf. V\u00fdsledkov\u00e1 listina (sout\u011b\u017e 2011) I., II. a III. kategorie ke sta\u017een\u00ed&nbsp;zde(pdf)V\u00fdsledkov\u00e1 listina (sout\u011b\u017e 2011) kategorie JUNIOR ke sta\u017een\u00ed.&nbsp;zde(pdf)&nbsp; organiza\u010dn\u00ed t\u00fdm Brno 2011 p\u0159edsedaJind\u0159ich Petr\u00e1\u0161 mana\u017eer sout\u011b\u017eeJon\u00e1\u0161 Harman m\u00edstop\u0159edsedov\u00e9Pavel Bure\u0161, Ivo Navr\u00e1til organizace JUNIOROlga Vold\u00e1nov\u00e1 zahrani\u010dn\u00ed partne\u0159iZdzis\u0142aw Stolarczyk, [&hellip;]<\/p>\n","protected":false},"author":1,"featured_media":0,"parent":0,"menu_order":0,"comment_status":"closed","ping_status":"closed","template":"","meta":{"footnotes":""},"class_list":["post-288","page","type-page","status-publish","hentry"],"_links":{"self":[{"href":"https:\/\/zestebrno.cz\/index.php?rest_route=\/wp\/v2\/pages\/288","targetHints":{"allow":["GET"]}}],"collection":[{"href":"https:\/\/zestebrno.cz\/index.php?rest_route=\/wp\/v2\/pages"}],"about":[{"href":"https:\/\/zestebrno.cz\/index.php?rest_route=\/wp\/v2\/types\/page"}],"author":[{"embeddable":true,"href":"https:\/\/zestebrno.cz\/index.php?rest_route=\/wp\/v2\/users\/1"}],"replies":[{"embeddable":true,"href":"https:\/\/zestebrno.cz\/index.php?rest_route=%2Fwp%2Fv2%2Fcomments&post=288"}],"version-history":[{"count":1,"href":"https:\/\/zestebrno.cz\/index.php?rest_route=\/wp\/v2\/pages\/288\/revisions"}],"predecessor-version":[{"id":289,"href":"https:\/\/zestebrno.cz\/index.php?rest_route=\/wp\/v2\/pages\/288\/revisions\/289"}],"wp:attachment":[{"href":"https:\/\/zestebrno.cz\/index.php?rest_route=%2Fwp%2Fv2%2Fmedia&parent=288"}],"curies":[{"name":"wp","href":"https:\/\/api.w.org\/{rel}","templated":true}]}}