{"id":286,"date":"2021-02-08T15:04:24","date_gmt":"2021-02-08T14:04:24","guid":{"rendered":"https:\/\/www.zestebrno.cz\/test\/?page_id=286"},"modified":"2021-02-08T15:04:24","modified_gmt":"2021-02-08T14:04:24","slug":"7th-international-interpretative-competition-for-brass-instruments-brno-2009","status":"publish","type":"page","link":"https:\/\/zestebrno.cz\/?page_id=286&lang=en","title":{"rendered":"7th international interpretative Competition for Brass Instruments Brno 2009"},"content":{"rendered":"\n<p><strong><a href=\"https:\/\/zestebrno.cz\/files\/vysledky.pdf\">Download score sheet 2009<\/a><br>(pdf 685 kB)<br><a href=\"https:\/\/zestebrno.cz\/files\/bulletin.pdf\">Competition bulletin 2009<\/a><br>(pdf 1.2 mB)<\/strong><\/p>\n\n\n\n<h2 class=\"wp-block-heading\">staff 2009<\/h2>\n\n\n\n<p>chairman<br>Jind\u0159ich Petr\u00e1\u0161<br><br>competition manager<br>Jon\u00e1\u0161 Harman<br><br>vicechairman<br>Pavel Bure\u0161, Ivo Navr\u00e1til<br><br>category JUNIOR<br>Olga Vold\u00e1nov\u00e1<br><br>foreign partners<br>Zdzis\u0142aw Stolarczyk, Guszt\u00e1v H\u00f6na,<br>J\u00e1n Budz\u00e1k<br><br>secretariat<br>Anna \u0160otolov\u00e1, Alena Vahal\u00edkov\u00e1<br><br>section responsibles<br>Petr Hoja\u010d, Tom\u00e1\u0161 Kopeck\u00fd<br><br>other members<br>Josef Cecava, Franti\u0161ek Je\u0159\u00e1bek,<br>Josef Stibor, Jan Broda<\/p>\n","protected":false},"excerpt":{"rendered":"<p>Download score sheet 2009(pdf 685 kB)Competition bulletin 2009(pdf 1.2 mB) staff 2009 chairmanJind\u0159ich Petr\u00e1\u0161 competition managerJon\u00e1\u0161 Harman vicechairmanPavel Bure\u0161, Ivo Navr\u00e1til category JUNIOROlga Vold\u00e1nov\u00e1 foreign partnersZdzis\u0142aw Stolarczyk, Guszt\u00e1v H\u00f6na,J\u00e1n Budz\u00e1k secretariatAnna \u0160otolov\u00e1, Alena Vahal\u00edkov\u00e1 section responsiblesPetr Hoja\u010d, Tom\u00e1\u0161 Kopeck\u00fd other membersJosef Cecava, Franti\u0161ek Je\u0159\u00e1bek,Josef Stibor, Jan Broda<\/p>\n","protected":false},"author":1,"featured_media":0,"parent":0,"menu_order":0,"comment_status":"closed","ping_status":"closed","template":"","meta":{"footnotes":""},"class_list":["post-286","page","type-page","status-publish","hentry"],"_links":{"self":[{"href":"https:\/\/zestebrno.cz\/index.php?rest_route=\/wp\/v2\/pages\/286","targetHints":{"allow":["GET"]}}],"collection":[{"href":"https:\/\/zestebrno.cz\/index.php?rest_route=\/wp\/v2\/pages"}],"about":[{"href":"https:\/\/zestebrno.cz\/index.php?rest_route=\/wp\/v2\/types\/page"}],"author":[{"embeddable":true,"href":"https:\/\/zestebrno.cz\/index.php?rest_route=\/wp\/v2\/users\/1"}],"replies":[{"embeddable":true,"href":"https:\/\/zestebrno.cz\/index.php?rest_route=%2Fwp%2Fv2%2Fcomments&post=286"}],"version-history":[{"count":1,"href":"https:\/\/zestebrno.cz\/index.php?rest_route=\/wp\/v2\/pages\/286\/revisions"}],"predecessor-version":[{"id":287,"href":"https:\/\/zestebrno.cz\/index.php?rest_route=\/wp\/v2\/pages\/286\/revisions\/287"}],"wp:attachment":[{"href":"https:\/\/zestebrno.cz\/index.php?rest_route=%2Fwp%2Fv2%2Fmedia&parent=286"}],"curies":[{"name":"wp","href":"https:\/\/api.w.org\/{rel}","templated":true}]}}