{"id":278,"date":"2021-02-08T15:00:06","date_gmt":"2021-02-08T14:00:06","guid":{"rendered":"https:\/\/www.zestebrno.cz\/test\/?page_id=278"},"modified":"2021-02-08T15:00:07","modified_gmt":"2021-02-08T14:00:07","slug":"historie-interpretacni-souteze-zestovych-nastroju-v-brne","status":"publish","type":"page","link":"https:\/\/zestebrno.cz\/?page_id=278","title":{"rendered":"Historie interpreta\u010dn\u00ed sout\u011b\u017ee \u017ees\u0165ov\u00fdch n\u00e1stroj\u016f v Brn\u011b"},"content":{"rendered":"\n<p>V\u00edceoborov\u00e1 sout\u011b\u017e mlad\u00fdch hudebn\u00edk\u016f byla zalo\u017eena v\u00a0roce 1973 z iniciativy p\u0159edn\u00edch pedagog\u016f, interpret\u016f a v\u00fdrobc\u016f hudebn\u00edch n\u00e1stroj\u016f (Amati Kraslice) Sout\u011b\u017e se konala v\u00a0Kraslic\u00edch a stala se p\u0159edkolem Mezin\u00e1rodn\u00ed hudebn\u00ed sout\u011b\u017ee Pra\u017esk\u00e9 jaro.<\/p>\n\n\n\n<p>Vzhledem ke zm\u011bn\u011b re\u017eimu a politick\u00e9 situaci sout\u011b\u017e po roce 1990 zanikla. Pedagogov\u00e9 z&nbsp;\u010cR a SR se ale rozhodli, \u017ee je zapot\u0159eb\u00ed, aby sout\u011b\u017e pokra\u010dovala, a tak v&nbsp;roce 1995 zorganizovala spole\u010dnost Hornforum sout\u011b\u017e v&nbsp;Brn\u011b pro lesn\u00ed roh.<\/p>\n\n\n\n<p>Od roku 1997 je po\u0159adatelem v\u00edce oborov\u00e9 sout\u011b\u017ee Asociace interpreta\u010dn\u00ed sout\u011b\u017ee \u017ees\u0165ov\u00fdch n\u00e1stroj\u016f. Prvn\u00edm p\u0159elomem byl rok 2005, kdy vznikla Kategorie 0. pro \u017e\u00e1ky ZU\u0160, druh\u00fdm p\u0159elomem bude rok 2007, kdy se sout\u011b\u017e st\u00e1v\u00e1 mezin\u00e1rodn\u00ed akc\u00ed v&nbsp;r\u00e1mci zem\u00ed Visegr\u00e1dsk\u00e9 \u010dty\u0159ky a&nbsp;je otev\u0159ena i&nbsp;student\u016fm ze zahrani\u010d\u00ed.<\/p>\n","protected":false},"excerpt":{"rendered":"<p>V\u00edceoborov\u00e1 sout\u011b\u017e mlad\u00fdch hudebn\u00edk\u016f byla zalo\u017eena v\u00a0roce 1973 z iniciativy p\u0159edn\u00edch pedagog\u016f, interpret\u016f a v\u00fdrobc\u016f hudebn\u00edch n\u00e1stroj\u016f (Amati Kraslice) Sout\u011b\u017e se konala v\u00a0Kraslic\u00edch a stala se p\u0159edkolem Mezin\u00e1rodn\u00ed hudebn\u00ed sout\u011b\u017ee Pra\u017esk\u00e9 jaro. Vzhledem ke zm\u011bn\u011b re\u017eimu a politick\u00e9 situaci sout\u011b\u017e po roce 1990 zanikla. Pedagogov\u00e9 z&nbsp;\u010cR a SR se ale rozhodli, \u017ee je zapot\u0159eb\u00ed, aby [&hellip;]<\/p>\n","protected":false},"author":1,"featured_media":0,"parent":0,"menu_order":0,"comment_status":"closed","ping_status":"closed","template":"","meta":{"footnotes":""},"class_list":["post-278","page","type-page","status-publish","hentry"],"_links":{"self":[{"href":"https:\/\/zestebrno.cz\/index.php?rest_route=\/wp\/v2\/pages\/278","targetHints":{"allow":["GET"]}}],"collection":[{"href":"https:\/\/zestebrno.cz\/index.php?rest_route=\/wp\/v2\/pages"}],"about":[{"href":"https:\/\/zestebrno.cz\/index.php?rest_route=\/wp\/v2\/types\/page"}],"author":[{"embeddable":true,"href":"https:\/\/zestebrno.cz\/index.php?rest_route=\/wp\/v2\/users\/1"}],"replies":[{"embeddable":true,"href":"https:\/\/zestebrno.cz\/index.php?rest_route=%2Fwp%2Fv2%2Fcomments&post=278"}],"version-history":[{"count":1,"href":"https:\/\/zestebrno.cz\/index.php?rest_route=\/wp\/v2\/pages\/278\/revisions"}],"predecessor-version":[{"id":279,"href":"https:\/\/zestebrno.cz\/index.php?rest_route=\/wp\/v2\/pages\/278\/revisions\/279"}],"wp:attachment":[{"href":"https:\/\/zestebrno.cz\/index.php?rest_route=%2Fwp%2Fv2%2Fmedia&parent=278"}],"curies":[{"name":"wp","href":"https:\/\/api.w.org\/{rel}","templated":true}]}}