{"id":212,"date":"2021-02-07T10:47:05","date_gmt":"2021-02-07T09:47:05","guid":{"rendered":"https:\/\/www.zestebrno.cz\/test\/?page_id=212"},"modified":"2021-02-07T10:47:05","modified_gmt":"2021-02-07T09:47:05","slug":"soutezni-skladby-trombon","status":"publish","type":"page","link":"https:\/\/zestebrno.cz\/?page_id=212","title":{"rendered":"sout\u011b\u017en\u00ed skladby \u2013 trombon"},"content":{"rendered":"<h4 class=\"\"><\/h4><div  class=\"program\"><span class=\"program_upozorneni\"><\/span><br \/><br \/><h2>1. kategorie<\/h2><h4>1. kolo - povinn\u00e1 skladba:<\/h4><ul id='program'><li><span class=\"skladba\">Benedetto Marcello - Son\u00e1ta \u010d.2 e moll  <span class='vety'>(1. a 2. v\u011bta)<\/span><\/span><br \/><span class=\"vydano\">(International Music Company New York)<\/span><\/li><\/ul><h4>2. kolo - povinn\u00e1 skladba:<\/h4><ul id='program'><li><span class=\"skladba\">Girolamo Frescobaldi  - Toccata <\/span><br \/><span class=\"vydano\">(Rubank, Chicago)<\/span><\/li><\/ul><h4>voliteln\u00e9 skladby <small>(jedna skladba pro ka\u017ed\u00e9 kolo)<\/small>:<\/h4><ul id='program'><li><span class=\"skladba\">Axel J\u00f6rgensen - Romance <\/span><br \/><span class=\"vydano\">(Edition Wilhelm Hansen Copenhagen)<\/span><\/li><li><span class=\"skladba\">Robert Cl\u00e9risse - Theme De Concours <\/span><br \/><span class=\"vydano\">(Rubank, Chicago)<\/span><\/li><li><span class=\"skladba\">Johann Ernst Galliard - Son\u00e1ta \u010d.1  <\/span><br \/><span class=\"vydano\">(Hinrichsen Edition)<\/span><\/li><li><span class=\"skladba\">Franti\u0161ek Je\u0159\u00e1bek - Ned\u011bln\u00ed obrazy <\/span><br \/><span class=\"vydano\">(<a href=files\/jerabek_nedelni_obrazy_trombone.pdf>notov\u00fd materi\u00e1l ke sta\u017een\u00ed zde (solo)<\/a><br \/><a href=files\/jerabek_nedelni_obrazy.pdf>notov\u00fd materi\u00e1l ke sta\u017een\u00ed zde (piano)<\/a>)<\/span><\/li><li><span class=\"skladba\">Jules Demersseman - Cavatine <\/span><br \/><span class=\"vydano\">(Editions Marc Reift )<\/span><\/li><li><span class=\"skladba\">Pierre Max Dubois - Histoire de Trombone <\/span><br \/><span class=\"vydano\">(G\u00e9rard Billaudot)<\/span><\/li><\/ul><h2>2. kategorie<\/h2><h4>1. kolo - povinn\u00e1 skladba:<\/h4><ul id='program'><li><span class=\"skladba\">P. V. De la Nux  - Piece de concours (Concert piece) <\/span><br \/><span class=\"vydano\">(Alphonse Leduc, Paris; Southern Music Company, Sant Antonio 6, Texas )<\/span><\/li><\/ul><h4>2. kolo - povinn\u00e1 skladba:<\/h4><ul id='program'><li><span class=\"skladba\">Antonio Vivaldi - Son\u00e1ta \u010d. 5 e moll <span class='vety'>(1. a 2. v\u011bta)<\/span><\/span><br \/><span class=\"vydano\">(International Music Company New York)<\/span><\/li><\/ul><h4>voliteln\u00e9 skladby <small>(jedna skladba pro ka\u017ed\u00e9 kolo)<\/small>:<\/h4><ul id='program'><li><span class=\"skladba\">Kazimierz Serocki - Sonatina <\/span><br \/><span class=\"vydano\">(Polskie Wydawnictwo Muzyczne)<\/span><\/li><li><span class=\"skladba\">Giovanni Battista Pergolesi - Sinfonia <span class='vety'>(1. a 2. v\u011bta)<\/span><\/span><br \/><span class=\"vydano\">(Wimbledon Music Inc.,California)<\/span><\/li><li><span class=\"skladba\">Jean Michel Defaye - A la mani\u00e9re de Bach <\/span><br \/><span class=\"vydano\">(Alphonse Leduc Paris)<\/span><\/li><li><span class=\"skladba\">Eugene Bozza - Prelude et allegro <\/span><br \/><span class=\"vydano\">(Alphonse Leduc Paris)<\/span><\/li><li><span class=\"skladba\">Gordon Jacob - Trombone Sonata <span class='vety'>(1. a 3. v\u011bta)<\/span><\/span><br \/><span class=\"vydano\">(Emerson Edition England)<\/span><\/li><\/ul><h2>3. kategorie<\/h2><h4>1. kolo - povinn\u00e1 skladba:<\/h4><ul id='program'><li><span class=\"skladba\">Jules Demersseman - Premier Solo de Concert <\/span><br \/><span class=\"vydano\">(Editions BIM)<\/span><\/li><\/ul><h4>2. kolo - povinn\u00e1 skladba:<\/h4><ul id='program'><li><span class=\"skladba\">Jean Michel Defaye - A la mani\u00e9re de Debussy <\/span><br \/><span class=\"vydano\">(Alphonse Leduc, Paris)<\/span><\/li><\/ul><h4>voliteln\u00e9 skladby <small>(jedna skladba pro ka\u017ed\u00e9 kolo)<\/small>:<\/h4><ul id='program'><li><span class=\"skladba\">Sigismond Stojowski  - Fantasie <\/span><br \/><span class=\"vydano\">(Alphonse Leduc, Paris)<\/span><\/li><li><span class=\"skladba\">John Glenesk Mortimer - Prelude and dance <\/span><br \/><span class=\"vydano\">(Editions Marc Reift)<\/span><\/li><li><span class=\"skladba\">Eug\u00e9ne Bozza - Ballade <\/span><br \/><span class=\"vydano\">(Alphonse Leduc, Paris)<\/span><\/li><li><span class=\"skladba\">Georg Christoph Wagenseil - Koncert <\/span><br \/><span class=\"vydano\">(Universal Edition, Wien)<\/span><\/li><\/ul><h2>4. kategorie<\/h2><h4>1. kolo - povinn\u00e1 skladba:<\/h4><ul id='program'><li><span class=\"skladba\">Anonymus - Son\u00e1ta <\/span><br \/><span class=\"vydano\">(<a href=files\/anonymus_komplet.pdf>notov\u00fd materi\u00e1l ke sta\u017een\u00ed zde<\/a>)<\/span><\/li><\/ul><h4>2. kolo - povinn\u00e1 skladba:<\/h4><ul id='program'><li><span class=\"skladba\">Ji\u0159\u00ed Pauer - Trombonetta <\/span><br \/><span class=\"vydano\">(Panton Praha)<\/span><\/li><\/ul><h4>voliteln\u00e9 skladby <small>(jedna skladba pro ka\u017ed\u00e9 kolo)<\/small>:<\/h4><ul id='program'><li><span class=\"skladba\">Frank Martin  - Ballade <\/span><br \/><span class=\"vydano\">(Universal Edition)<\/span><\/li><li><span class=\"skladba\">Bernhard Krol - Capriccio da camera <\/span><br \/><span class=\"vydano\">(Simrock Original Edition)<\/span><\/li><li><span class=\"skladba\">Joseph Jongen - Aria et polonaise, op.128 <\/span><br \/><span class=\"vydano\">(Gervan, Edition Musicale Bruxelles)<\/span><\/li><li><span class=\"skladba\">Juraj Filas - Son\u00e1ta \u201eKe konci stolet\u00ed\u201c  <\/span><br \/><span class=\"vydano\">(Editions BIM 1997, TB29)<\/span><\/li><li><span class=\"skladba\">Nino Rota - Koncert <\/span><br \/><span class=\"vydano\">(Ricordi Milano 1966)<\/span><\/li><li><span class=\"skladba\">Jo\u017eka Mat\u011bj - Koncert <\/span><br \/><span class=\"vydano\">(Panton Praha)<\/span><\/li><li><span class=\"skladba\">Henri Tomasi - Koncert <\/span><br \/><span class=\"vydano\">(Alphonse Leduc, Paris)<\/span><\/li><li><span class=\"skladba\">Derek Bourgeois - Koncert <\/span><br \/><span class=\"vydano\">(G. & M. Brand Publication)<\/span><\/li><\/ul><\/div>\n","protected":false},"excerpt":{"rendered":"","protected":false},"author":1,"featured_media":0,"parent":0,"menu_order":0,"comment_status":"closed","ping_status":"closed","template":"","meta":{"footnotes":""},"class_list":["post-212","page","type-page","status-publish","hentry"],"_links":{"self":[{"href":"https:\/\/zestebrno.cz\/index.php?rest_route=\/wp\/v2\/pages\/212","targetHints":{"allow":["GET"]}}],"collection":[{"href":"https:\/\/zestebrno.cz\/index.php?rest_route=\/wp\/v2\/pages"}],"about":[{"href":"https:\/\/zestebrno.cz\/index.php?rest_route=\/wp\/v2\/types\/page"}],"author":[{"embeddable":true,"href":"https:\/\/zestebrno.cz\/index.php?rest_route=\/wp\/v2\/users\/1"}],"replies":[{"embeddable":true,"href":"https:\/\/zestebrno.cz\/index.php?rest_route=%2Fwp%2Fv2%2Fcomments&post=212"}],"version-history":[{"count":1,"href":"https:\/\/zestebrno.cz\/index.php?rest_route=\/wp\/v2\/pages\/212\/revisions"}],"predecessor-version":[{"id":213,"href":"https:\/\/zestebrno.cz\/index.php?rest_route=\/wp\/v2\/pages\/212\/revisions\/213"}],"wp:attachment":[{"href":"https:\/\/zestebrno.cz\/index.php?rest_route=%2Fwp%2Fv2%2Fmedia&parent=212"}],"curies":[{"name":"wp","href":"https:\/\/api.w.org\/{rel}","templated":true}]}}