{"id":206,"date":"2021-02-07T10:42:21","date_gmt":"2021-02-07T09:42:21","guid":{"rendered":"https:\/\/www.zestebrno.cz\/test\/?page_id=206"},"modified":"2021-02-07T10:42:22","modified_gmt":"2021-02-07T09:42:22","slug":"compositions-for-the-competition-bassoon","status":"publish","type":"page","link":"https:\/\/zestebrno.cz\/?page_id=206&lang=en","title":{"rendered":"compositions for the competition &#8211; bassoon"},"content":{"rendered":"<h4 class=\"\"><\/h4><div  class=\"program\"><span class=\"program_upozorneni\"><\/span><br \/><br \/><h2>1<sup>st<\/sup> category<\/h2><h4>1. round - obligatory composition:<\/h4><ul id='program'><li><span class=\"skladba\">Georg Phillip Telemann - Fantasy No. 2 in D minor <span class='vety'>(3rd and 4th movements with repetitions)<\/span><\/span><\/li><\/ul><h4>2. round - obligatory composition:<\/h4><ul id='program'><li><span class=\"skladba\">Antonio Vivaldi  - Concerto in D minor RV 481 <span class='vety'>(2nd and 3rd movement)<\/span><\/span><\/li><\/ul><h4>optional compositions <small>(one composition for each round)<\/small>:<\/h4><ul id='program'><li><span class=\"skladba\">Antonio Vivaldi  - Concerto in A minor RV 497 <\/span><\/li><li><span class=\"skladba\">Georg Phillip Telemann  - Sonata in F minor <\/span><\/li><li><span class=\"skladba\">Benedetto Marcello  - Sonata No.2 in E minor <\/span><\/li><li><span class=\"skladba\">Jerome Besozzi - Sonata <\/span><\/li><li><span class=\"skladba\">Gabriel Piern\u00e9 - Solo de Concert <\/span><\/li><li><span class=\"skladba\">Eug\u00e9ne Bourdeau - Premier solo <\/span><\/li><li><span class=\"skladba\">Anton\u00edn Rejcha - Sonata <\/span><\/li><\/ul><h2>2<sup>nd<\/sup> category<\/h2><h4>1. round - obligatory composition:<\/h4><ul id='program'><li><span class=\"skladba\">Oleg Miroshnikov - Scherzo <\/span><\/li><\/ul><h4>2. round - obligatory composition:<\/h4><ul id='program'><li><span class=\"skladba\">Gabriel Grovlez - Sicilienne et Allegro Giocoso fo bassoon and piano <\/span><\/li><\/ul><h4>optional compositions <small>(one composition for each round)<\/small>:<\/h4><ul id='program'><li><span class=\"skladba\">Eug\u00e9ne Bozza  - Fantasy <\/span><\/li><li><span class=\"skladba\">Alessandro Longo - Suite <\/span><\/li><li><span class=\"skladba\">\u0160t\u011bp\u00e1n Luck\u00fd  - Introduction and Capriccio <\/span><\/li><li><span class=\"skladba\">Anton\u00edn Ko\u017eeluh  - Concerto in C major for bassoon <span class='vety'>(1st and 2nd movement and Cadenza)<\/span><\/span><\/li><li><span class=\"skladba\">Paul Hindemith  - Sonata for bassoon and piano <\/span><\/li><li><span class=\"skladba\">Ludv\u00edk Milde  - Concerto No.2 in F minor  <\/span><\/li><li><span class=\"skladba\">Wolfgang Amadeus Mozart  - Sonata in B flat major for bassoon and piano KV 292 <\/span><\/li><li><span class=\"skladba\">Antonio Vivaldi  - Concerto in E minor RV 484 <\/span><\/li><\/ul><h2>3<sup>rd<\/sup> category<\/h2><h4>1. round - obligatory composition:<\/h4><ul id='program'><li><span class=\"skladba\">Malcolm Arnold  - Fantasy for bassoon <\/span><\/li><\/ul><h4>2. round - obligatory composition:<\/h4><ul id='program'><li><span class=\"skladba\">Henri Duttileux  - Sarabande et Cort\u00e9ge <\/span><\/li><\/ul><h4>optional compositions <small>(one composition for each round)<\/small>:<\/h4><ul id='program'><li><span class=\"skladba\">Antonio Torriani  - Divertimento on Themes from Donizetti\u00b4s \"Lucia di Lammermoor\"                          <\/span><\/li><li><span class=\"skladba\">Ferdinand David - Concertino <\/span><\/li><li><span class=\"skladba\">Eug\u00e9ne Bozza  - Recit, Sicilianne et Rondo <\/span><\/li><li><span class=\"skladba\">Carl Maria von Weber  - Andante and Rondo Ungarese <\/span><\/li><li><span class=\"skladba\">Jan V\u00e1clav Kalivoda  - Introduction, Thema and Variations <\/span><\/li><li><span class=\"skladba\">Antonio Vivaldi  - Concerto in C major RV 472 <\/span><\/li><li><span class=\"skladba\">Balis Dwarionas - Thema and Variations <\/span><\/li><li><span class=\"skladba\">Franz Berwald - Concertpiece <\/span><\/li><\/ul><h2>4<sup>th<\/sup> category<\/h2><h4>1. round - obligatory composition:<\/h4><ul id='program'><li><span class=\"skladba\">Gordon Jacob  - Partita <\/span><\/li><\/ul><h4>2. round - obligatory composition:<\/h4><ul id='program'><li><span class=\"skladba\">Carl Maria von Weber  - Concerto in F major  <span class='vety'>(1st and 2nd movement)<\/span><\/span><\/li><\/ul><h4>optional compositions <small>(one composition for each round)<\/small>:<\/h4><ul id='program'><li><span class=\"skladba\">Johann Sebastian Bach  - Partita BWV 1013 <\/span><br \/><span class=\"vydano\">(Universal Edition)<\/span><\/li><li><span class=\"skladba\">Gioachino Rossini - Concerto for Bassoon <span class='vety'>(2nd and 3rd movement)<\/span><\/span><\/li><li><span class=\"skladba\">Camille Saint-S\u00e4ens  - Sonata for bassoon and piano <\/span><\/li><li><span class=\"skladba\">Gordon Jacob  - Concerto for bassoon <span class='vety'>(1st and 2nd movement, the beginning of the 2nd mov. original version)<\/span><\/span><\/li><li><span class=\"skladba\">Johann Nepomuk Hummel  - Concerto in F major <span class='vety'>(1st and 2nd movement)<\/span><\/span><\/li><li><span class=\"skladba\">Marcel Bitsch  - Concertino <\/span><\/li><li><span class=\"skladba\">Otmar Nussio - Variations on an Arietta by Pergolesi <\/span><\/li><li><span class=\"skladba\">Wolfgang Amadeus Mozart  - Concerto in B flat major <span class='vety'>(1st and 2nd movement and Cadenza)<\/span><\/span><\/li><\/ul><\/div>\n","protected":false},"excerpt":{"rendered":"","protected":false},"author":1,"featured_media":0,"parent":0,"menu_order":0,"comment_status":"closed","ping_status":"closed","template":"","meta":{"footnotes":""},"class_list":["post-206","page","type-page","status-publish","hentry"],"_links":{"self":[{"href":"https:\/\/zestebrno.cz\/index.php?rest_route=\/wp\/v2\/pages\/206","targetHints":{"allow":["GET"]}}],"collection":[{"href":"https:\/\/zestebrno.cz\/index.php?rest_route=\/wp\/v2\/pages"}],"about":[{"href":"https:\/\/zestebrno.cz\/index.php?rest_route=\/wp\/v2\/types\/page"}],"author":[{"embeddable":true,"href":"https:\/\/zestebrno.cz\/index.php?rest_route=\/wp\/v2\/users\/1"}],"replies":[{"embeddable":true,"href":"https:\/\/zestebrno.cz\/index.php?rest_route=%2Fwp%2Fv2%2Fcomments&post=206"}],"version-history":[{"count":1,"href":"https:\/\/zestebrno.cz\/index.php?rest_route=\/wp\/v2\/pages\/206\/revisions"}],"predecessor-version":[{"id":207,"href":"https:\/\/zestebrno.cz\/index.php?rest_route=\/wp\/v2\/pages\/206\/revisions\/207"}],"wp:attachment":[{"href":"https:\/\/zestebrno.cz\/index.php?rest_route=%2Fwp%2Fv2%2Fmedia&parent=206"}],"curies":[{"name":"wp","href":"https:\/\/api.w.org\/{rel}","templated":true}]}}