{"id":202,"date":"2021-02-07T10:41:27","date_gmt":"2021-02-07T09:41:27","guid":{"rendered":"https:\/\/www.zestebrno.cz\/test\/?page_id=202"},"modified":"2026-02-03T09:08:51","modified_gmt":"2026-02-03T08:08:51","slug":"compositions-for-the-competition-trombone","status":"publish","type":"page","link":"https:\/\/zestebrno.cz\/?page_id=202&lang=en","title":{"rendered":"compositions for the competition &#8211; (slide!) trombone"},"content":{"rendered":"<h4 class=\"\"><\/h4><div  class=\"program\"><span class=\"program_upozorneni\"><\/span><br \/><br \/><h2>1<sup>st<\/sup> category<\/h2><h4>1. round - obligatory composition:<\/h4><ul id='program'><li><span class=\"skladba\">Benedetto Marcello - Sonata No. 2 in E minor <span class='vety'>(1st and 2nd movement)<\/span><\/span><br \/><span class=\"vydano\">(International Music Company New York)<\/span><\/li><\/ul><h4>2. round - obligatory composition:<\/h4><ul id='program'><li><span class=\"skladba\">Girolamo Frescobaldi  - Toccata <\/span><br \/><span class=\"vydano\">(Rubank, Chicago)<\/span><\/li><\/ul><h4>optional compositions <small>(one composition for each round)<\/small>:<\/h4><ul id='program'><li><span class=\"skladba\">Axel J\u00f6rgensen - Romance <\/span><br \/><span class=\"vydano\">(Edition Wilhelm Hansen Copenhagen)<\/span><\/li><li><span class=\"skladba\">Robert Cl\u00e9risse - Theme De Concours <\/span><br \/><span class=\"vydano\">(Rubank, Chicago)<\/span><\/li><li><span class=\"skladba\">Johann Ernst Galliard - Sonate No. 1 <\/span><br \/><span class=\"vydano\">(Hinrichsen Edition)<\/span><\/li><li><span class=\"skladba\">Franti\u0161ek Je\u0159\u00e1bek - Ned\u011bln\u00ed obrazy <\/span><br \/><span class=\"vydano\">(<a href=files\/jerabek_nedelni_obrazy_trombone.pdf>download score here (solo)<\/a><br \/><a href=files\/jerabek_nedelni_obrazy.pdf>download score here (piano)<\/a>)<\/span><\/li><li><span class=\"skladba\">Jules Demersseman - Cavatine <\/span><br \/><span class=\"vydano\">(Editions Marc Reift )<\/span><\/li><li><span class=\"skladba\">Pierre Max Dubois - Histoire de Trombone <\/span><br \/><span class=\"vydano\">(G\u00e9rard Billaudot)<\/span><\/li><\/ul><h2>2<sup>nd<\/sup> category<\/h2><h4>1. round - obligatory composition:<\/h4><ul id='program'><li><span class=\"skladba\">P. V. De la Nux  - Piece de concours (Concert piece) <\/span><br \/><span class=\"vydano\">(Alphonse Leduc, Paris; Southern Music Company, Sant Antonio 6, Texas )<\/span><\/li><\/ul><h4>2. round - obligatory composition:<\/h4><ul id='program'><li><span class=\"skladba\">Antonio Vivaldi - Sonata No. 5 in E minor <span class='vety'>(1st and 2nd movement)<\/span><\/span><br \/><span class=\"vydano\">(International Music Company New York)<\/span><\/li><\/ul><h4>optional compositions <small>(one composition for each round)<\/small>:<\/h4><ul id='program'><li><span class=\"skladba\">Kazimierz Serocki - Sonatina <\/span><br \/><span class=\"vydano\">(Polskie Wydawnictwo Muzyczne)<\/span><\/li><li><span class=\"skladba\">Giovanni Battista Pergolesi - Sinfonia <span class='vety'>(1st and 2nd movement)<\/span><\/span><br \/><span class=\"vydano\">(Wimbledon Music Inc.,California)<\/span><\/li><li><span class=\"skladba\">Jean Michel Defaye - A la mani\u00e9re de Bach <\/span><br \/><span class=\"vydano\">(Alphonse Leduc Paris)<\/span><\/li><li><span class=\"skladba\">Eugene Bozza - Prelude et allegro <\/span><br \/><span class=\"vydano\">(Alphonse Leduc Paris)<\/span><\/li><li><span class=\"skladba\">Gordon Jacob - Trombone Sonata <span class='vety'>(1st and 3rd movement)<\/span><\/span><br \/><span class=\"vydano\">(Emerson Edition England)<\/span><\/li><\/ul><h2>3<sup>rd<\/sup> category<\/h2><h4>1. round - obligatory composition:<\/h4><ul id='program'><li><span class=\"skladba\">Jules Demersseman - Premier Solo de Concert <\/span><br \/><span class=\"vydano\">(Editions BIM)<\/span><\/li><\/ul><h4>2. round - obligatory composition:<\/h4><ul id='program'><li><span class=\"skladba\">Jean Michel Defaye - A la mani\u00e9re de Debussy <\/span><br \/><span class=\"vydano\">(Alphonse Leduc, Paris)<\/span><\/li><\/ul><h4>optional compositions <small>(one composition for each round)<\/small>:<\/h4><ul id='program'><li><span class=\"skladba\">Sigismond Stojowski  - Fantasie <\/span><br \/><span class=\"vydano\">(Alphonse Leduc, Paris)<\/span><\/li><li><span class=\"skladba\">John Glenesk Mortimer - Prelude and dance <\/span><br \/><span class=\"vydano\">(Editions Marc Reift)<\/span><\/li><li><span class=\"skladba\">Eug\u00e9ne Bozza - Ballade <\/span><br \/><span class=\"vydano\">(Alphonse Leduc, Paris)<\/span><\/li><li><span class=\"skladba\">Georg Christoph Wagenseil - Concerto <\/span><br \/><span class=\"vydano\">(Universal Edition, Wien)<\/span><\/li><\/ul><h2>4<sup>th<\/sup> category<\/h2><h4>1. round - obligatory composition:<\/h4><ul id='program'><li><span class=\"skladba\">Anonymus - Sonata <\/span><br \/><span class=\"vydano\">(<a href=files\/anonymus_komplet.pdf>download sheet music here<\/a>)<\/span><\/li><\/ul><h4>2. round - obligatory composition:<\/h4><ul id='program'><li><span class=\"skladba\">Ji\u0159\u00ed Pauer - Trombonetta <\/span><br \/><span class=\"vydano\">(Panton Praha)<\/span><\/li><\/ul><h4>optional compositions <small>(one composition for each round)<\/small>:<\/h4><ul id='program'><li><span class=\"skladba\">Frank Martin  - Ballade <\/span><br \/><span class=\"vydano\">(Universal Edition)<\/span><\/li><li><span class=\"skladba\">Bernhard Krol - Capriccio da camera <\/span><br \/><span class=\"vydano\">(Simrock Original Edition)<\/span><\/li><li><span class=\"skladba\">Joseph Jongen - Aria et polonaise, op.128 <\/span><br \/><span class=\"vydano\">(Gervan, Edition Musicale Bruxelles)<\/span><\/li><li><span class=\"skladba\">Juraj Filas - Sonata \u201eAt the end of the century\u201c  <\/span><br \/><span class=\"vydano\">(Editions BIM 1997, TB29)<\/span><\/li><li><span class=\"skladba\">Nino Rota - Concerto <\/span><br \/><span class=\"vydano\">(Ricordi Milano 1966)<\/span><\/li><li><span class=\"skladba\">Jo\u017eka Mat\u011bj - Concerto <\/span><br \/><span class=\"vydano\">(Panton Praha)<\/span><\/li><li><span class=\"skladba\">Henri Tomasi - Concerto <\/span><br \/><span class=\"vydano\">(Alphonse Leduc, Paris)<\/span><\/li><li><span class=\"skladba\">Derek Bourgeois - Concerto <\/span><br \/><span class=\"vydano\">(G. & M. Brand Publication)<\/span><\/li><\/ul><\/div>\n","protected":false},"excerpt":{"rendered":"","protected":false},"author":1,"featured_media":0,"parent":0,"menu_order":0,"comment_status":"closed","ping_status":"closed","template":"","meta":{"footnotes":""},"class_list":["post-202","page","type-page","status-publish","hentry"],"_links":{"self":[{"href":"https:\/\/zestebrno.cz\/index.php?rest_route=\/wp\/v2\/pages\/202","targetHints":{"allow":["GET"]}}],"collection":[{"href":"https:\/\/zestebrno.cz\/index.php?rest_route=\/wp\/v2\/pages"}],"about":[{"href":"https:\/\/zestebrno.cz\/index.php?rest_route=\/wp\/v2\/types\/page"}],"author":[{"embeddable":true,"href":"https:\/\/zestebrno.cz\/index.php?rest_route=\/wp\/v2\/users\/1"}],"replies":[{"embeddable":true,"href":"https:\/\/zestebrno.cz\/index.php?rest_route=%2Fwp%2Fv2%2Fcomments&post=202"}],"version-history":[{"count":1,"href":"https:\/\/zestebrno.cz\/index.php?rest_route=\/wp\/v2\/pages\/202\/revisions"}],"predecessor-version":[{"id":203,"href":"https:\/\/zestebrno.cz\/index.php?rest_route=\/wp\/v2\/pages\/202\/revisions\/203"}],"wp:attachment":[{"href":"https:\/\/zestebrno.cz\/index.php?rest_route=%2Fwp%2Fv2%2Fmedia&parent=202"}],"curies":[{"name":"wp","href":"https:\/\/api.w.org\/{rel}","templated":true}]}}