{"id":1995,"date":"2026-05-02T07:39:15","date_gmt":"2026-05-02T05:39:15","guid":{"rendered":"https:\/\/zestebrno.cz\/?page_id=1995"},"modified":"2026-05-02T07:39:16","modified_gmt":"2026-05-02T05:39:16","slug":"vysledky-a-harmonogramy-kategorii-i-ii-iii-iv","status":"publish","type":"page","link":"https:\/\/zestebrno.cz\/?page_id=1995","title":{"rendered":"V\u00fdsledky a harmonogramy kategori\u00ed I, II, III, IV"},"content":{"rendered":"\n<h2 class=\"wp-block-heading\"><a href=\"https:\/\/zestebrno.cz\/?page_id=859\" data-type=\"link\" data-id=\"https:\/\/zestebrno.cz\/?page_id=859\">Detailn\u00ed harmonogramy 1. kola<\/a><\/h2>\n\n\n\n<h2 class=\"wp-block-heading\"><a href=\"https:\/\/zestebrno.cz\/?page_id=939\" data-type=\"link\" data-id=\"https:\/\/zestebrno.cz\/?page_id=939\">Detailn\u00ed harmonogramy 2. kola<\/a><\/h2>\n\n\n\n<h2 class=\"wp-block-heading\"><a href=\"https:\/\/zestebrno.cz\/?page_id=917\" data-type=\"link\" data-id=\"https:\/\/zestebrno.cz\/?page_id=917\">V\u00fdsledkov\u00e9 listiny 1. kola<\/a><\/h2>\n\n\n\n<h2 class=\"wp-block-heading\"><a href=\"https:\/\/zestebrno.cz\/?page_id=985\" data-type=\"link\" data-id=\"https:\/\/zestebrno.cz\/?page_id=985\">V\u00fdsledkov\u00e9 listiny 2. kola<\/a><\/h2>\n","protected":false},"excerpt":{"rendered":"<p>Detailn\u00ed harmonogramy 1. kola Detailn\u00ed harmonogramy 2. kola V\u00fdsledkov\u00e9 listiny 1. kola V\u00fdsledkov\u00e9 listiny 2. kola<\/p>\n","protected":false},"author":1,"featured_media":0,"parent":0,"menu_order":0,"comment_status":"closed","ping_status":"closed","template":"","meta":{"footnotes":""},"class_list":["post-1995","page","type-page","status-publish","hentry"],"_links":{"self":[{"href":"https:\/\/zestebrno.cz\/index.php?rest_route=\/wp\/v2\/pages\/1995","targetHints":{"allow":["GET"]}}],"collection":[{"href":"https:\/\/zestebrno.cz\/index.php?rest_route=\/wp\/v2\/pages"}],"about":[{"href":"https:\/\/zestebrno.cz\/index.php?rest_route=\/wp\/v2\/types\/page"}],"author":[{"embeddable":true,"href":"https:\/\/zestebrno.cz\/index.php?rest_route=\/wp\/v2\/users\/1"}],"replies":[{"embeddable":true,"href":"https:\/\/zestebrno.cz\/index.php?rest_route=%2Fwp%2Fv2%2Fcomments&post=1995"}],"version-history":[{"count":1,"href":"https:\/\/zestebrno.cz\/index.php?rest_route=\/wp\/v2\/pages\/1995\/revisions"}],"predecessor-version":[{"id":1996,"href":"https:\/\/zestebrno.cz\/index.php?rest_route=\/wp\/v2\/pages\/1995\/revisions\/1996"}],"wp:attachment":[{"href":"https:\/\/zestebrno.cz\/index.php?rest_route=%2Fwp%2Fv2%2Fmedia&parent=1995"}],"curies":[{"name":"wp","href":"https:\/\/api.w.org\/{rel}","templated":true}]}}