{"id":1254,"date":"2023-06-22T09:51:55","date_gmt":"2023-06-22T07:51:55","guid":{"rendered":"https:\/\/zestebrno.cz\/?page_id=1254"},"modified":"2024-01-03T11:16:46","modified_gmt":"2024-01-03T10:16:46","slug":"xiii-mezinarodni-interpretacni-soutez-zestovych-nastroju-brno-2022","status":"publish","type":"page","link":"https:\/\/zestebrno.cz\/?page_id=1254","title":{"rendered":"XIII. Mezin\u00e1rodn\u00ed interpreta\u010dn\u00ed sout\u011b\u017e \u017ees\u0165ov\u00fdch n\u00e1stroj\u016f Brno 2022"},"content":{"rendered":"\n<h3 class=\"wp-block-heading\">v\u00fdsledky<br><br><a href=\"https:\/\/zestebrno.cz\/wp-content\/uploads\/2023\/12\/brno2022_results.pdf\" data-type=\"URL\" data-id=\"https:\/\/zestebrno.cz\/wp-content\/uploads\/2023\/12\/brno2022_results.pdf\">v\u00fdsledkov\u00e1 listina kat. I, II, III, IV 2022<\/a>&nbsp;(pdf)<br><br><a rel=\"noreferrer noopener\" href=\"https:\/\/zestebrno.cz\/wp-content\/uploads\/2022\/06\/brno2022_junior_results.pdf\" data-type=\"URL\" data-id=\"https:\/\/zestebrno.cz\/wp-content\/uploads\/2022\/06\/brno2022_junior_results.pdf\" target=\"_blank\">v\u00fdsledkov\u00e1 listina JUNIOR 2022<\/a>&nbsp;(pdf)<\/h3>\n\n\n\n<h2 class=\"wp-block-heading\"><a href=\"https:\/\/zestebrno.cz\/?page_id=994\" data-type=\"URL\" data-id=\"https:\/\/zestebrno.cz\/?page_id=994\">FOTOGALERIE  &#8211; KATEGORIE I, II, III, IV<\/a><\/h2>\n\n\n\n<h2 class=\"wp-block-heading\"><a href=\"https:\/\/zestebrno.cz\/?page_id=1100\" data-type=\"URL\" data-id=\"https:\/\/zestebrno.cz\/?page_id=1100\">FOTOGALERIE  &#8211; KATEGORIE JUNIOR<\/a><\/h2>\n\n\n\n<h2 class=\"wp-block-heading\">organizace sout\u011b\u017ee<\/h2>\n\n\n\n<p>p\u0159edseda<br>Jind\u0159ich Petr\u00e1\u0161<br><br>m\u00edstop\u0159edsedov\u00e9<br>Pavel Bure\u0161, Ivo Navr\u00e1til<br><br>organizace JUNIOR<br>Olga Vold\u00e1nov\u00e1<br><br>zahrani\u010dn\u00ed partne\u0159i<br>Zdzis\u0142aw Stolarczyk, Zolt\u00e1n Varga, Albert Hrubov\u010d\u00e1k, V\u0160MU Bratislava<br><br>sekretari\u00e1t<br>Anna&nbsp;M\u00fcllerov\u00e1, Alena Vahal\u00edkov\u00e1<br><br>garanti obor\u016f<br>Vojt\u011bch Novotn\u00fd, Tom\u00e1\u0161 Kopeck\u00fd, Ivo Navr\u00e1til, Pavel Bure\u0161, Roman Novoz\u00e1msk\u00fd<br><br>dal\u0161\u00ed \u010dlenov\u00e9<br>Josef Cecava, Franti\u0161ek Je\u0159\u00e1bek, Josef Stibor, Jan Broda<\/p>\n","protected":false},"excerpt":{"rendered":"<p>v\u00fdsledky v\u00fdsledkov\u00e1 listina kat. I, II, III, IV 2022&nbsp;(pdf) v\u00fdsledkov\u00e1 listina JUNIOR 2022&nbsp;(pdf) FOTOGALERIE &#8211; KATEGORIE I, II, III, IV FOTOGALERIE &#8211; KATEGORIE JUNIOR organizace sout\u011b\u017ee p\u0159edsedaJind\u0159ich Petr\u00e1\u0161 m\u00edstop\u0159edsedov\u00e9Pavel Bure\u0161, Ivo Navr\u00e1til organizace JUNIOROlga Vold\u00e1nov\u00e1 zahrani\u010dn\u00ed partne\u0159iZdzis\u0142aw Stolarczyk, Zolt\u00e1n Varga, Albert Hrubov\u010d\u00e1k, V\u0160MU Bratislava sekretari\u00e1tAnna&nbsp;M\u00fcllerov\u00e1, Alena Vahal\u00edkov\u00e1 garanti obor\u016fVojt\u011bch Novotn\u00fd, Tom\u00e1\u0161 Kopeck\u00fd, Ivo Navr\u00e1til, Pavel [&hellip;]<\/p>\n","protected":false},"author":1,"featured_media":0,"parent":0,"menu_order":0,"comment_status":"closed","ping_status":"closed","template":"","meta":{"footnotes":""},"class_list":["post-1254","page","type-page","status-publish","hentry"],"_links":{"self":[{"href":"https:\/\/zestebrno.cz\/index.php?rest_route=\/wp\/v2\/pages\/1254","targetHints":{"allow":["GET"]}}],"collection":[{"href":"https:\/\/zestebrno.cz\/index.php?rest_route=\/wp\/v2\/pages"}],"about":[{"href":"https:\/\/zestebrno.cz\/index.php?rest_route=\/wp\/v2\/types\/page"}],"author":[{"embeddable":true,"href":"https:\/\/zestebrno.cz\/index.php?rest_route=\/wp\/v2\/users\/1"}],"replies":[{"embeddable":true,"href":"https:\/\/zestebrno.cz\/index.php?rest_route=%2Fwp%2Fv2%2Fcomments&post=1254"}],"version-history":[{"count":7,"href":"https:\/\/zestebrno.cz\/index.php?rest_route=\/wp\/v2\/pages\/1254\/revisions"}],"predecessor-version":[{"id":1344,"href":"https:\/\/zestebrno.cz\/index.php?rest_route=\/wp\/v2\/pages\/1254\/revisions\/1344"}],"wp:attachment":[{"href":"https:\/\/zestebrno.cz\/index.php?rest_route=%2Fwp%2Fv2%2Fmedia&parent=1254"}],"curies":[{"name":"wp","href":"https:\/\/api.w.org\/{rel}","templated":true}]}}