{"id":1100,"date":"2022-06-05T09:30:28","date_gmt":"2022-06-05T07:30:28","guid":{"rendered":"https:\/\/zestebrno.cz\/?page_id=1100"},"modified":"2024-01-03T11:15:40","modified_gmt":"2024-01-03T10:15:40","slug":"fotografie-ze-souteze-junior","status":"publish","type":"page","link":"https:\/\/zestebrno.cz\/?page_id=1100","title":{"rendered":"Fotografie ze sout\u011b\u017ee JUNIOR 2022"},"content":{"rendered":"\n<p>Autorkou fotografi\u00ed je pan\u00ed Dagmar Petr\u00e1\u0161kov\u00e1.<\/p>\n\n\n\n<h2 class=\"wp-block-heading\">ned\u011ble 5. 6. 2022<\/h2>\n\n\n\n<figure class=\"wp-block-gallery has-nested-images columns-default is-cropped wp-block-gallery-1 is-layout-flex wp-block-gallery-is-layout-flex\">\n<figure class=\"wp-block-image size-large\"><img loading=\"lazy\" decoding=\"async\" width=\"1024\" height=\"575\" data-id=\"1159\" src=\"https:\/\/zestebrno.cz\/wp-content\/uploads\/2022\/06\/IMG_4189_-1024x575.jpg\" alt=\"\" class=\"wp-image-1159\" srcset=\"https:\/\/zestebrno.cz\/wp-content\/uploads\/2022\/06\/IMG_4189_-1024x575.jpg 1024w, https:\/\/zestebrno.cz\/wp-content\/uploads\/2022\/06\/IMG_4189_-300x168.jpg 300w, https:\/\/zestebrno.cz\/wp-content\/uploads\/2022\/06\/IMG_4189_-768x431.jpg 768w, https:\/\/zestebrno.cz\/wp-content\/uploads\/2022\/06\/IMG_4189_-1536x862.jpg 1536w, https:\/\/zestebrno.cz\/wp-content\/uploads\/2022\/06\/IMG_4189_.jpg 1683w\" sizes=\"auto, (max-width: 1024px) 100vw, 1024px\" \/><\/figure>\n\n\n\n<figure class=\"wp-block-image size-large\"><img loading=\"lazy\" decoding=\"async\" width=\"1024\" height=\"575\" data-id=\"1157\" src=\"https:\/\/zestebrno.cz\/wp-content\/uploads\/2022\/06\/IMG_4208_-1024x575.jpg\" alt=\"\" class=\"wp-image-1157\" srcset=\"https:\/\/zestebrno.cz\/wp-content\/uploads\/2022\/06\/IMG_4208_-1024x575.jpg 1024w, https:\/\/zestebrno.cz\/wp-content\/uploads\/2022\/06\/IMG_4208_-300x168.jpg 300w, https:\/\/zestebrno.cz\/wp-content\/uploads\/2022\/06\/IMG_4208_-768x431.jpg 768w, https:\/\/zestebrno.cz\/wp-content\/uploads\/2022\/06\/IMG_4208_-1536x862.jpg 1536w, https:\/\/zestebrno.cz\/wp-content\/uploads\/2022\/06\/IMG_4208_.jpg 1683w\" sizes=\"auto, (max-width: 1024px) 100vw, 1024px\" \/><\/figure>\n\n\n\n<figure class=\"wp-block-image size-large\"><img loading=\"lazy\" decoding=\"async\" width=\"1024\" height=\"575\" data-id=\"1162\" src=\"https:\/\/zestebrno.cz\/wp-content\/uploads\/2022\/06\/IMG_4217_-1024x575.jpg\" alt=\"\" class=\"wp-image-1162\" srcset=\"https:\/\/zestebrno.cz\/wp-content\/uploads\/2022\/06\/IMG_4217_-1024x575.jpg 1024w, https:\/\/zestebrno.cz\/wp-content\/uploads\/2022\/06\/IMG_4217_-300x168.jpg 300w, https:\/\/zestebrno.cz\/wp-content\/uploads\/2022\/06\/IMG_4217_-768x431.jpg 768w, https:\/\/zestebrno.cz\/wp-content\/uploads\/2022\/06\/IMG_4217_-1536x862.jpg 1536w, https:\/\/zestebrno.cz\/wp-content\/uploads\/2022\/06\/IMG_4217_.jpg 1683w\" sizes=\"auto, (max-width: 1024px) 100vw, 1024px\" \/><\/figure>\n\n\n\n<figure class=\"wp-block-image size-large\"><img loading=\"lazy\" decoding=\"async\" width=\"1024\" height=\"575\" data-id=\"1163\" src=\"https:\/\/zestebrno.cz\/wp-content\/uploads\/2022\/06\/IMG_3951_-1024x575.jpg\" alt=\"\" class=\"wp-image-1163\" srcset=\"https:\/\/zestebrno.cz\/wp-content\/uploads\/2022\/06\/IMG_3951_-1024x575.jpg 1024w, https:\/\/zestebrno.cz\/wp-content\/uploads\/2022\/06\/IMG_3951_-300x168.jpg 300w, https:\/\/zestebrno.cz\/wp-content\/uploads\/2022\/06\/IMG_3951_-768x431.jpg 768w, https:\/\/zestebrno.cz\/wp-content\/uploads\/2022\/06\/IMG_3951_-1536x862.jpg 1536w, https:\/\/zestebrno.cz\/wp-content\/uploads\/2022\/06\/IMG_3951_.jpg 1683w\" sizes=\"auto, (max-width: 1024px) 100vw, 1024px\" \/><\/figure>\n\n\n\n<figure class=\"wp-block-image size-large\"><img loading=\"lazy\" decoding=\"async\" width=\"1024\" height=\"575\" data-id=\"1164\" src=\"https:\/\/zestebrno.cz\/wp-content\/uploads\/2022\/06\/IMG_4024_-1024x575.jpg\" alt=\"\" class=\"wp-image-1164\" srcset=\"https:\/\/zestebrno.cz\/wp-content\/uploads\/2022\/06\/IMG_4024_-1024x575.jpg 1024w, https:\/\/zestebrno.cz\/wp-content\/uploads\/2022\/06\/IMG_4024_-300x168.jpg 300w, https:\/\/zestebrno.cz\/wp-content\/uploads\/2022\/06\/IMG_4024_-768x431.jpg 768w, https:\/\/zestebrno.cz\/wp-content\/uploads\/2022\/06\/IMG_4024_-1536x862.jpg 1536w, https:\/\/zestebrno.cz\/wp-content\/uploads\/2022\/06\/IMG_4024_.jpg 1683w\" sizes=\"auto, (max-width: 1024px) 100vw, 1024px\" \/><\/figure>\n\n\n\n<figure class=\"wp-block-image size-large\"><img loading=\"lazy\" decoding=\"async\" width=\"1024\" height=\"575\" data-id=\"1165\" src=\"https:\/\/zestebrno.cz\/wp-content\/uploads\/2022\/06\/IMG_4061_-1024x575.jpg\" alt=\"\" class=\"wp-image-1165\" srcset=\"https:\/\/zestebrno.cz\/wp-content\/uploads\/2022\/06\/IMG_4061_-1024x575.jpg 1024w, https:\/\/zestebrno.cz\/wp-content\/uploads\/2022\/06\/IMG_4061_-300x168.jpg 300w, https:\/\/zestebrno.cz\/wp-content\/uploads\/2022\/06\/IMG_4061_-768x431.jpg 768w, https:\/\/zestebrno.cz\/wp-content\/uploads\/2022\/06\/IMG_4061_-1536x862.jpg 1536w, https:\/\/zestebrno.cz\/wp-content\/uploads\/2022\/06\/IMG_4061_.jpg 1683w\" sizes=\"auto, (max-width: 1024px) 100vw, 1024px\" \/><\/figure>\n\n\n\n<figure class=\"wp-block-image size-large\"><img loading=\"lazy\" decoding=\"async\" width=\"1024\" height=\"575\" data-id=\"1166\" src=\"https:\/\/zestebrno.cz\/wp-content\/uploads\/2022\/06\/IMG_4113_-1024x575.jpg\" alt=\"\" class=\"wp-image-1166\" srcset=\"https:\/\/zestebrno.cz\/wp-content\/uploads\/2022\/06\/IMG_4113_-1024x575.jpg 1024w, https:\/\/zestebrno.cz\/wp-content\/uploads\/2022\/06\/IMG_4113_-300x168.jpg 300w, https:\/\/zestebrno.cz\/wp-content\/uploads\/2022\/06\/IMG_4113_-768x431.jpg 768w, https:\/\/zestebrno.cz\/wp-content\/uploads\/2022\/06\/IMG_4113_-1536x862.jpg 1536w, https:\/\/zestebrno.cz\/wp-content\/uploads\/2022\/06\/IMG_4113_.jpg 1683w\" sizes=\"auto, (max-width: 1024px) 100vw, 1024px\" \/><\/figure>\n\n\n\n<figure class=\"wp-block-image size-large\"><img loading=\"lazy\" decoding=\"async\" width=\"1024\" height=\"575\" data-id=\"1170\" src=\"https:\/\/zestebrno.cz\/wp-content\/uploads\/2022\/06\/IMG_4115_-1024x575.jpg\" alt=\"\" class=\"wp-image-1170\" srcset=\"https:\/\/zestebrno.cz\/wp-content\/uploads\/2022\/06\/IMG_4115_-1024x575.jpg 1024w, https:\/\/zestebrno.cz\/wp-content\/uploads\/2022\/06\/IMG_4115_-300x168.jpg 300w, https:\/\/zestebrno.cz\/wp-content\/uploads\/2022\/06\/IMG_4115_-768x431.jpg 768w, https:\/\/zestebrno.cz\/wp-content\/uploads\/2022\/06\/IMG_4115_-1536x862.jpg 1536w, https:\/\/zestebrno.cz\/wp-content\/uploads\/2022\/06\/IMG_4115_.jpg 1683w\" sizes=\"auto, (max-width: 1024px) 100vw, 1024px\" \/><\/figure>\n\n\n\n<figure class=\"wp-block-image size-large\"><img loading=\"lazy\" decoding=\"async\" width=\"1024\" height=\"575\" data-id=\"1168\" src=\"https:\/\/zestebrno.cz\/wp-content\/uploads\/2022\/06\/IMG_4144_-1024x575.jpg\" alt=\"\" class=\"wp-image-1168\" srcset=\"https:\/\/zestebrno.cz\/wp-content\/uploads\/2022\/06\/IMG_4144_-1024x575.jpg 1024w, https:\/\/zestebrno.cz\/wp-content\/uploads\/2022\/06\/IMG_4144_-300x168.jpg 300w, https:\/\/zestebrno.cz\/wp-content\/uploads\/2022\/06\/IMG_4144_-768x431.jpg 768w, https:\/\/zestebrno.cz\/wp-content\/uploads\/2022\/06\/IMG_4144_-1536x862.jpg 1536w, https:\/\/zestebrno.cz\/wp-content\/uploads\/2022\/06\/IMG_4144_.jpg 1683w\" sizes=\"auto, (max-width: 1024px) 100vw, 1024px\" \/><\/figure>\n\n\n\n<figure class=\"wp-block-image size-large\"><img loading=\"lazy\" decoding=\"async\" width=\"1024\" height=\"575\" data-id=\"1169\" src=\"https:\/\/zestebrno.cz\/wp-content\/uploads\/2022\/06\/IMG_4155_-1024x575.jpg\" alt=\"\" class=\"wp-image-1169\" srcset=\"https:\/\/zestebrno.cz\/wp-content\/uploads\/2022\/06\/IMG_4155_-1024x575.jpg 1024w, https:\/\/zestebrno.cz\/wp-content\/uploads\/2022\/06\/IMG_4155_-300x168.jpg 300w, https:\/\/zestebrno.cz\/wp-content\/uploads\/2022\/06\/IMG_4155_-768x431.jpg 768w, https:\/\/zestebrno.cz\/wp-content\/uploads\/2022\/06\/IMG_4155_-1536x862.jpg 1536w, https:\/\/zestebrno.cz\/wp-content\/uploads\/2022\/06\/IMG_4155_.jpg 1683w\" sizes=\"auto, (max-width: 1024px) 100vw, 1024px\" \/><\/figure>\n\n\n\n<figure class=\"wp-block-image size-large\"><img loading=\"lazy\" decoding=\"async\" width=\"636\" height=\"1024\" data-id=\"1160\" src=\"https:\/\/zestebrno.cz\/wp-content\/uploads\/2022\/06\/IMG_4011_.jpg\" alt=\"\" class=\"wp-image-1160\" srcset=\"https:\/\/zestebrno.cz\/wp-content\/uploads\/2022\/06\/IMG_4011_.jpg 636w, https:\/\/zestebrno.cz\/wp-content\/uploads\/2022\/06\/IMG_4011_-186x300.jpg 186w\" sizes=\"auto, (max-width: 636px) 100vw, 636px\" \/><\/figure>\n\n\n\n<figure class=\"wp-block-image size-large\"><img loading=\"lazy\" decoding=\"async\" width=\"636\" height=\"1024\" data-id=\"1161\" src=\"https:\/\/zestebrno.cz\/wp-content\/uploads\/2022\/06\/IMG_3984_.jpg\" alt=\"\" class=\"wp-image-1161\" srcset=\"https:\/\/zestebrno.cz\/wp-content\/uploads\/2022\/06\/IMG_3984_.jpg 636w, https:\/\/zestebrno.cz\/wp-content\/uploads\/2022\/06\/IMG_3984_-186x300.jpg 186w\" sizes=\"auto, (max-width: 636px) 100vw, 636px\" \/><\/figure>\n<\/figure>\n\n\n\n<h2 class=\"wp-block-heading\">sobota 4. 6. 2022<\/h2>\n\n\n\n<figure class=\"wp-block-gallery has-nested-images columns-default is-cropped wp-block-gallery-2 is-layout-flex wp-block-gallery-is-layout-flex\">\n<figure class=\"wp-block-image size-large\"><img loading=\"lazy\" decoding=\"async\" width=\"1024\" height=\"575\" data-id=\"1101\" src=\"https:\/\/zestebrno.cz\/wp-content\/uploads\/2022\/06\/IMG_3794_-1024x575.jpg\" alt=\"\" class=\"wp-image-1101\" srcset=\"https:\/\/zestebrno.cz\/wp-content\/uploads\/2022\/06\/IMG_3794_-1024x575.jpg 1024w, https:\/\/zestebrno.cz\/wp-content\/uploads\/2022\/06\/IMG_3794_-300x168.jpg 300w, https:\/\/zestebrno.cz\/wp-content\/uploads\/2022\/06\/IMG_3794_-768x431.jpg 768w, https:\/\/zestebrno.cz\/wp-content\/uploads\/2022\/06\/IMG_3794_-1536x862.jpg 1536w, https:\/\/zestebrno.cz\/wp-content\/uploads\/2022\/06\/IMG_3794_.jpg 1683w\" sizes=\"auto, (max-width: 1024px) 100vw, 1024px\" \/><\/figure>\n\n\n\n<figure class=\"wp-block-image size-large\"><img loading=\"lazy\" decoding=\"async\" width=\"1024\" height=\"575\" data-id=\"1104\" src=\"https:\/\/zestebrno.cz\/wp-content\/uploads\/2022\/06\/IMG_3812_-1024x575.jpg\" alt=\"\" class=\"wp-image-1104\" srcset=\"https:\/\/zestebrno.cz\/wp-content\/uploads\/2022\/06\/IMG_3812_-1024x575.jpg 1024w, https:\/\/zestebrno.cz\/wp-content\/uploads\/2022\/06\/IMG_3812_-300x168.jpg 300w, https:\/\/zestebrno.cz\/wp-content\/uploads\/2022\/06\/IMG_3812_-768x431.jpg 768w, https:\/\/zestebrno.cz\/wp-content\/uploads\/2022\/06\/IMG_3812_-1536x862.jpg 1536w, https:\/\/zestebrno.cz\/wp-content\/uploads\/2022\/06\/IMG_3812_.jpg 1683w\" sizes=\"auto, (max-width: 1024px) 100vw, 1024px\" \/><\/figure>\n\n\n\n<figure class=\"wp-block-image size-large\"><img loading=\"lazy\" decoding=\"async\" width=\"1024\" height=\"575\" data-id=\"1108\" src=\"https:\/\/zestebrno.cz\/wp-content\/uploads\/2022\/06\/IMG_3823_-1024x575.jpg\" alt=\"\" class=\"wp-image-1108\" srcset=\"https:\/\/zestebrno.cz\/wp-content\/uploads\/2022\/06\/IMG_3823_-1024x575.jpg 1024w, https:\/\/zestebrno.cz\/wp-content\/uploads\/2022\/06\/IMG_3823_-300x168.jpg 300w, https:\/\/zestebrno.cz\/wp-content\/uploads\/2022\/06\/IMG_3823_-768x431.jpg 768w, https:\/\/zestebrno.cz\/wp-content\/uploads\/2022\/06\/IMG_3823_-1536x862.jpg 1536w, https:\/\/zestebrno.cz\/wp-content\/uploads\/2022\/06\/IMG_3823_.jpg 1683w\" sizes=\"auto, (max-width: 1024px) 100vw, 1024px\" \/><\/figure>\n\n\n\n<figure class=\"wp-block-image size-large\"><img loading=\"lazy\" decoding=\"async\" width=\"1024\" height=\"575\" data-id=\"1111\" src=\"https:\/\/zestebrno.cz\/wp-content\/uploads\/2022\/06\/IMG_3831_-1024x575.jpg\" alt=\"\" class=\"wp-image-1111\" srcset=\"https:\/\/zestebrno.cz\/wp-content\/uploads\/2022\/06\/IMG_3831_-1024x575.jpg 1024w, https:\/\/zestebrno.cz\/wp-content\/uploads\/2022\/06\/IMG_3831_-300x168.jpg 300w, https:\/\/zestebrno.cz\/wp-content\/uploads\/2022\/06\/IMG_3831_-768x431.jpg 768w, https:\/\/zestebrno.cz\/wp-content\/uploads\/2022\/06\/IMG_3831_-1536x862.jpg 1536w, https:\/\/zestebrno.cz\/wp-content\/uploads\/2022\/06\/IMG_3831_.jpg 1683w\" sizes=\"auto, (max-width: 1024px) 100vw, 1024px\" \/><\/figure>\n\n\n\n<figure class=\"wp-block-image size-large\"><img loading=\"lazy\" decoding=\"async\" width=\"1024\" height=\"575\" data-id=\"1112\" src=\"https:\/\/zestebrno.cz\/wp-content\/uploads\/2022\/06\/IMG_3841_-1024x575.jpg\" alt=\"\" class=\"wp-image-1112\" srcset=\"https:\/\/zestebrno.cz\/wp-content\/uploads\/2022\/06\/IMG_3841_-1024x575.jpg 1024w, https:\/\/zestebrno.cz\/wp-content\/uploads\/2022\/06\/IMG_3841_-300x168.jpg 300w, https:\/\/zestebrno.cz\/wp-content\/uploads\/2022\/06\/IMG_3841_-768x431.jpg 768w, https:\/\/zestebrno.cz\/wp-content\/uploads\/2022\/06\/IMG_3841_-1536x862.jpg 1536w, https:\/\/zestebrno.cz\/wp-content\/uploads\/2022\/06\/IMG_3841_.jpg 1683w\" sizes=\"auto, (max-width: 1024px) 100vw, 1024px\" \/><\/figure>\n\n\n\n<figure class=\"wp-block-image size-large\"><img loading=\"lazy\" decoding=\"async\" width=\"1024\" height=\"575\" data-id=\"1103\" src=\"https:\/\/zestebrno.cz\/wp-content\/uploads\/2022\/06\/IMG_3842_-1024x575.jpg\" alt=\"\" class=\"wp-image-1103\" srcset=\"https:\/\/zestebrno.cz\/wp-content\/uploads\/2022\/06\/IMG_3842_-1024x575.jpg 1024w, https:\/\/zestebrno.cz\/wp-content\/uploads\/2022\/06\/IMG_3842_-300x168.jpg 300w, https:\/\/zestebrno.cz\/wp-content\/uploads\/2022\/06\/IMG_3842_-768x431.jpg 768w, https:\/\/zestebrno.cz\/wp-content\/uploads\/2022\/06\/IMG_3842_-1536x862.jpg 1536w, https:\/\/zestebrno.cz\/wp-content\/uploads\/2022\/06\/IMG_3842_.jpg 1683w\" sizes=\"auto, (max-width: 1024px) 100vw, 1024px\" \/><\/figure>\n\n\n\n<figure class=\"wp-block-image size-large\"><img loading=\"lazy\" decoding=\"async\" width=\"1024\" height=\"575\" data-id=\"1110\" src=\"https:\/\/zestebrno.cz\/wp-content\/uploads\/2022\/06\/IMG_3865_-1024x575.jpg\" alt=\"\" class=\"wp-image-1110\" srcset=\"https:\/\/zestebrno.cz\/wp-content\/uploads\/2022\/06\/IMG_3865_-1024x575.jpg 1024w, https:\/\/zestebrno.cz\/wp-content\/uploads\/2022\/06\/IMG_3865_-300x168.jpg 300w, https:\/\/zestebrno.cz\/wp-content\/uploads\/2022\/06\/IMG_3865_-768x431.jpg 768w, https:\/\/zestebrno.cz\/wp-content\/uploads\/2022\/06\/IMG_3865_-1536x862.jpg 1536w, https:\/\/zestebrno.cz\/wp-content\/uploads\/2022\/06\/IMG_3865_.jpg 1683w\" sizes=\"auto, (max-width: 1024px) 100vw, 1024px\" \/><\/figure>\n\n\n\n<figure class=\"wp-block-image size-large\"><img loading=\"lazy\" decoding=\"async\" width=\"1024\" height=\"575\" data-id=\"1107\" src=\"https:\/\/zestebrno.cz\/wp-content\/uploads\/2022\/06\/IMG_3899-1024x575.jpg\" alt=\"\" class=\"wp-image-1107\" srcset=\"https:\/\/zestebrno.cz\/wp-content\/uploads\/2022\/06\/IMG_3899-1024x575.jpg 1024w, https:\/\/zestebrno.cz\/wp-content\/uploads\/2022\/06\/IMG_3899-300x168.jpg 300w, https:\/\/zestebrno.cz\/wp-content\/uploads\/2022\/06\/IMG_3899-768x431.jpg 768w, https:\/\/zestebrno.cz\/wp-content\/uploads\/2022\/06\/IMG_3899-1536x862.jpg 1536w, https:\/\/zestebrno.cz\/wp-content\/uploads\/2022\/06\/IMG_3899.jpg 1683w\" sizes=\"auto, (max-width: 1024px) 100vw, 1024px\" \/><\/figure>\n\n\n\n<figure class=\"wp-block-image size-large\"><img loading=\"lazy\" decoding=\"async\" width=\"1024\" height=\"575\" data-id=\"1106\" src=\"https:\/\/zestebrno.cz\/wp-content\/uploads\/2022\/06\/IMG_3905_-1024x575.jpg\" alt=\"\" class=\"wp-image-1106\" srcset=\"https:\/\/zestebrno.cz\/wp-content\/uploads\/2022\/06\/IMG_3905_-1024x575.jpg 1024w, https:\/\/zestebrno.cz\/wp-content\/uploads\/2022\/06\/IMG_3905_-300x168.jpg 300w, https:\/\/zestebrno.cz\/wp-content\/uploads\/2022\/06\/IMG_3905_-768x431.jpg 768w, https:\/\/zestebrno.cz\/wp-content\/uploads\/2022\/06\/IMG_3905_-1536x862.jpg 1536w, https:\/\/zestebrno.cz\/wp-content\/uploads\/2022\/06\/IMG_3905_.jpg 1683w\" sizes=\"auto, (max-width: 1024px) 100vw, 1024px\" \/><\/figure>\n\n\n\n<figure class=\"wp-block-image size-large\"><img loading=\"lazy\" decoding=\"async\" width=\"1024\" height=\"575\" data-id=\"1109\" src=\"https:\/\/zestebrno.cz\/wp-content\/uploads\/2022\/06\/IMG_3914_-1024x575.jpg\" alt=\"\" class=\"wp-image-1109\" srcset=\"https:\/\/zestebrno.cz\/wp-content\/uploads\/2022\/06\/IMG_3914_-1024x575.jpg 1024w, https:\/\/zestebrno.cz\/wp-content\/uploads\/2022\/06\/IMG_3914_-300x168.jpg 300w, https:\/\/zestebrno.cz\/wp-content\/uploads\/2022\/06\/IMG_3914_-768x431.jpg 768w, https:\/\/zestebrno.cz\/wp-content\/uploads\/2022\/06\/IMG_3914_-1536x862.jpg 1536w, https:\/\/zestebrno.cz\/wp-content\/uploads\/2022\/06\/IMG_3914_.jpg 1683w\" sizes=\"auto, (max-width: 1024px) 100vw, 1024px\" \/><\/figure>\n\n\n\n<figure class=\"wp-block-image size-large\"><img loading=\"lazy\" decoding=\"async\" width=\"1024\" height=\"575\" data-id=\"1115\" src=\"https:\/\/zestebrno.cz\/wp-content\/uploads\/2022\/06\/IMG_3936_-1024x575.jpg\" alt=\"\" class=\"wp-image-1115\" srcset=\"https:\/\/zestebrno.cz\/wp-content\/uploads\/2022\/06\/IMG_3936_-1024x575.jpg 1024w, https:\/\/zestebrno.cz\/wp-content\/uploads\/2022\/06\/IMG_3936_-300x168.jpg 300w, https:\/\/zestebrno.cz\/wp-content\/uploads\/2022\/06\/IMG_3936_-768x431.jpg 768w, https:\/\/zestebrno.cz\/wp-content\/uploads\/2022\/06\/IMG_3936_-1536x862.jpg 1536w, https:\/\/zestebrno.cz\/wp-content\/uploads\/2022\/06\/IMG_3936_.jpg 1683w\" sizes=\"auto, (max-width: 1024px) 100vw, 1024px\" \/><\/figure>\n\n\n\n<figure class=\"wp-block-image size-large\"><img loading=\"lazy\" decoding=\"async\" width=\"1024\" height=\"575\" data-id=\"1119\" src=\"https:\/\/zestebrno.cz\/wp-content\/uploads\/2022\/06\/IMG_3978_-1024x575.jpg\" alt=\"\" class=\"wp-image-1119\" srcset=\"https:\/\/zestebrno.cz\/wp-content\/uploads\/2022\/06\/IMG_3978_-1024x575.jpg 1024w, https:\/\/zestebrno.cz\/wp-content\/uploads\/2022\/06\/IMG_3978_-300x168.jpg 300w, https:\/\/zestebrno.cz\/wp-content\/uploads\/2022\/06\/IMG_3978_-768x431.jpg 768w, https:\/\/zestebrno.cz\/wp-content\/uploads\/2022\/06\/IMG_3978_-1536x862.jpg 1536w, https:\/\/zestebrno.cz\/wp-content\/uploads\/2022\/06\/IMG_3978_.jpg 1683w\" sizes=\"auto, (max-width: 1024px) 100vw, 1024px\" \/><\/figure>\n\n\n\n<figure class=\"wp-block-image size-large\"><img loading=\"lazy\" decoding=\"async\" width=\"1024\" height=\"575\" data-id=\"1117\" src=\"https:\/\/zestebrno.cz\/wp-content\/uploads\/2022\/06\/IMG_3779_-1024x575.jpg\" alt=\"\" class=\"wp-image-1117\" srcset=\"https:\/\/zestebrno.cz\/wp-content\/uploads\/2022\/06\/IMG_3779_-1024x575.jpg 1024w, https:\/\/zestebrno.cz\/wp-content\/uploads\/2022\/06\/IMG_3779_-300x168.jpg 300w, https:\/\/zestebrno.cz\/wp-content\/uploads\/2022\/06\/IMG_3779_-768x431.jpg 768w, https:\/\/zestebrno.cz\/wp-content\/uploads\/2022\/06\/IMG_3779_-1536x862.jpg 1536w, https:\/\/zestebrno.cz\/wp-content\/uploads\/2022\/06\/IMG_3779_.jpg 1683w\" sizes=\"auto, (max-width: 1024px) 100vw, 1024px\" \/><\/figure>\n\n\n\n<figure class=\"wp-block-image size-large\"><img loading=\"lazy\" decoding=\"async\" width=\"1024\" height=\"575\" data-id=\"1114\" src=\"https:\/\/zestebrno.cz\/wp-content\/uploads\/2022\/06\/IMG_3783_-1024x575.jpg\" alt=\"\" class=\"wp-image-1114\" srcset=\"https:\/\/zestebrno.cz\/wp-content\/uploads\/2022\/06\/IMG_3783_-1024x575.jpg 1024w, https:\/\/zestebrno.cz\/wp-content\/uploads\/2022\/06\/IMG_3783_-300x168.jpg 300w, https:\/\/zestebrno.cz\/wp-content\/uploads\/2022\/06\/IMG_3783_-768x431.jpg 768w, https:\/\/zestebrno.cz\/wp-content\/uploads\/2022\/06\/IMG_3783_-1536x862.jpg 1536w, https:\/\/zestebrno.cz\/wp-content\/uploads\/2022\/06\/IMG_3783_.jpg 1683w\" sizes=\"auto, (max-width: 1024px) 100vw, 1024px\" \/><\/figure>\n\n\n\n<figure class=\"wp-block-image size-large\"><img loading=\"lazy\" decoding=\"async\" width=\"1024\" height=\"575\" data-id=\"1113\" src=\"https:\/\/zestebrno.cz\/wp-content\/uploads\/2022\/06\/IMG_3784_-1024x575.jpg\" alt=\"\" class=\"wp-image-1113\" srcset=\"https:\/\/zestebrno.cz\/wp-content\/uploads\/2022\/06\/IMG_3784_-1024x575.jpg 1024w, https:\/\/zestebrno.cz\/wp-content\/uploads\/2022\/06\/IMG_3784_-300x168.jpg 300w, https:\/\/zestebrno.cz\/wp-content\/uploads\/2022\/06\/IMG_3784_-768x431.jpg 768w, https:\/\/zestebrno.cz\/wp-content\/uploads\/2022\/06\/IMG_3784_-1536x862.jpg 1536w, https:\/\/zestebrno.cz\/wp-content\/uploads\/2022\/06\/IMG_3784_.jpg 1683w\" sizes=\"auto, (max-width: 1024px) 100vw, 1024px\" \/><\/figure>\n\n\n\n<figure class=\"wp-block-image size-large\"><img loading=\"lazy\" decoding=\"async\" width=\"636\" height=\"1024\" data-id=\"1102\" src=\"https:\/\/zestebrno.cz\/wp-content\/uploads\/2022\/06\/IMG_3917_.jpg\" alt=\"\" class=\"wp-image-1102\" srcset=\"https:\/\/zestebrno.cz\/wp-content\/uploads\/2022\/06\/IMG_3917_.jpg 636w, https:\/\/zestebrno.cz\/wp-content\/uploads\/2022\/06\/IMG_3917_-186x300.jpg 186w\" sizes=\"auto, (max-width: 636px) 100vw, 636px\" \/><\/figure>\n\n\n\n<figure class=\"wp-block-image size-large\"><img loading=\"lazy\" decoding=\"async\" width=\"636\" height=\"1024\" data-id=\"1105\" src=\"https:\/\/zestebrno.cz\/wp-content\/uploads\/2022\/06\/IMG_3807_.jpg\" alt=\"\" class=\"wp-image-1105\" srcset=\"https:\/\/zestebrno.cz\/wp-content\/uploads\/2022\/06\/IMG_3807_.jpg 636w, https:\/\/zestebrno.cz\/wp-content\/uploads\/2022\/06\/IMG_3807_-186x300.jpg 186w\" sizes=\"auto, (max-width: 636px) 100vw, 636px\" \/><\/figure>\n<\/figure>\n","protected":false},"excerpt":{"rendered":"<p>Autorkou fotografi\u00ed je pan\u00ed Dagmar Petr\u00e1\u0161kov\u00e1. ned\u011ble 5. 6. 2022 sobota 4. 6. 2022<\/p>\n","protected":false},"author":1,"featured_media":0,"parent":0,"menu_order":0,"comment_status":"closed","ping_status":"closed","template":"","meta":{"footnotes":""},"class_list":["post-1100","page","type-page","status-publish","hentry"],"_links":{"self":[{"href":"https:\/\/zestebrno.cz\/index.php?rest_route=\/wp\/v2\/pages\/1100","targetHints":{"allow":["GET"]}}],"collection":[{"href":"https:\/\/zestebrno.cz\/index.php?rest_route=\/wp\/v2\/pages"}],"about":[{"href":"https:\/\/zestebrno.cz\/index.php?rest_route=\/wp\/v2\/types\/page"}],"author":[{"embeddable":true,"href":"https:\/\/zestebrno.cz\/index.php?rest_route=\/wp\/v2\/users\/1"}],"replies":[{"embeddable":true,"href":"https:\/\/zestebrno.cz\/index.php?rest_route=%2Fwp%2Fv2%2Fcomments&post=1100"}],"version-history":[{"count":5,"href":"https:\/\/zestebrno.cz\/index.php?rest_route=\/wp\/v2\/pages\/1100\/revisions"}],"predecessor-version":[{"id":1343,"href":"https:\/\/zestebrno.cz\/index.php?rest_route=\/wp\/v2\/pages\/1100\/revisions\/1343"}],"wp:attachment":[{"href":"https:\/\/zestebrno.cz\/index.php?rest_route=%2Fwp%2Fv2%2Fmedia&parent=1100"}],"curies":[{"name":"wp","href":"https:\/\/api.w.org\/{rel}","templated":true}]}}